{"id":11288,"date":"2022-11-30T16:09:17","date_gmt":"2022-11-30T16:09:17","guid":{"rendered":"https:\/\/alroaiya-td.com\/index.php\/tekiliyen-me\/"},"modified":"2025-04-13T13:32:15","modified_gmt":"2025-04-13T13:32:15","slug":"tekiliyen-me","status":"publish","type":"page","link":"https:\/\/alroaiya-td.com\/ku\/index.php\/tekiliyen-me\/","title":{"rendered":"T\u00eakiliy\u00ean me"},"content":{"rendered":"\t\t<div data-elementor-type=\"wp-page\" data-elementor-id=\"11288\" class=\"elementor elementor-11288 elementor-29\">\n\t\t\t\t<div class=\"wd-negative-gap elementor-element elementor-element-a9abe0c e-flex e-con-boxed e-con e-parent\" data-id=\"a9abe0c\" data-element_type=\"container\">\n\t\t\t\t\t<div class=\"e-con-inner\">\n\t\t\t\t<div class=\"elementor-element elementor-element-ac4439e wd-width-100 elementor-widget elementor-widget-wd_open_street_map\" data-id=\"ac4439e\" data-element_type=\"widget\" data-widget_type=\"wd_open_street_map.default\">\n\t\t\t\t<div class=\"elementor-widget-container\">\n\t\t\t\t\t\t\t<div class=\"wd-osm-map-container wd-map-container\">\n\t\t\t<div id=\"wd-osm-map-ac4439e\" class=\"wd-osm-map-wrapper wd-map-wrapper\" data-settings=\"{&quot;zoom&quot;:15,&quot;iconUrl&quot;:&quot;https:\\\/\\\/alroaiya-td.com\\\/wp-content\\\/themes\\\/woodmart\\\/images\\\/icons\\\/marker-icon.png&quot;,&quot;scrollWheelZoom&quot;:&quot;no&quot;,&quot;zoomControl&quot;:&quot;yes&quot;,&quot;dragging&quot;:&quot;yes&quot;,&quot;geoapify_tile&quot;:&quot;osm-carto&quot;,&quot;markers&quot;:[{&quot;marker&quot;:{&quot;_id&quot;:&quot;aa83737&quot;,&quot;marker_coords&quot;:&quot;51.50735, -0.12776&quot;,&quot;marker_title&quot;:&quot;&quot;,&quot;marker_description&quot;:&quot;&quot;,&quot;marker_behavior&quot;:&quot;popup&quot;,&quot;show_button&quot;:&quot;no&quot;,&quot;button_text&quot;:null,&quot;button_url&quot;:null,&quot;button_url_target&quot;:null,&quot;image&quot;:{&quot;url&quot;:&quot;&quot;,&quot;id&quot;:&quot;&quot;,&quot;size&quot;:&quot;&quot;},&quot;image_size&quot;:[],&quot;image_custom_dimension&quot;:null},&quot;lat&quot;:&quot;51.50735&quot;,&quot;lng&quot;:&quot; -0.12776&quot;}],&quot;center&quot;:&quot;51.50735,-0.12776&quot;,&quot;init_type&quot;:&quot;page_load&quot;}\"><\/div>\n\n\t\t\t\n\t\t\t\n\t\t\t\t\t<\/div>\n\t\t\t\t\t\t<\/div>\n\t\t\t\t<\/div>\n\t\t\t\t\t<\/div>\n\t\t\t\t<\/div>\n\t\t<div class=\"wd-negative-gap elementor-element elementor-element-3a29612 e-flex e-con-boxed e-con e-parent\" data-id=\"3a29612\" data-element_type=\"container\">\n\t\t\t\t\t<div class=\"e-con-inner\">\n\t\t<div class=\"elementor-element elementor-element-6ac4460 e-con-full e-flex e-con e-child\" data-id=\"6ac4460\" data-element_type=\"container\">\n\t\t\t\t<div class=\"elementor-element elementor-element-4bef883 elementor-widget__width-initial elementor-widget elementor-widget-wd_infobox\" data-id=\"4bef883\" data-element_type=\"widget\" data-widget_type=\"wd_infobox.default\">\n\t\t\t\t<div class=\"elementor-widget-container\">\n\t\t\t\t\t\t\t<div class=\"info-box-wrapper\">\n\t\t\t<div class=\"wd-info-box text-left box-icon-align-top box-style-base color-scheme-\">\n\t\t\t\t\n\t\t\t\t<div class=\"info-box-content\">\n\t\t\t\t\t\n\t\t\t\t\t\t\t\t\t\t\t<h4\t\t\t\t\t\tclass=\"info-box-title title box-title-style-default wd-fontsize-m\" data-elementor-setting-key=\"title\">\n\t\t\t\t\t\t\t\tBroadway Store\t\t\t\t\t\t<\/h4>\n\t\t\t\t\t\n\t\t\t\t\t<div class=\"info-box-inner reset-last-child\"data-elementor-setting-key=\"content\"><p>1260 Broadway, San Francisco, CA 94109<\/p>\n<p><span style=\"color: #242424\"><strong>Telefon:<\/strong><\/span> <span style=\"color: #1877f2\"><em>(208) 555-0112<\/em><\/span><br \/> <span style=\"color: #242424\"><strong>E-name:<\/strong><\/span> <span style=\"color: #1877f2\"><em>woodmart@mail.com<\/em><\/span><\/p>\n<\/div>\n\n\t\t\t\t\t\t\t\t\t<\/div>\n\n\t\t\t\t\t\t\t\t\t<a href=\"https:\/\/alroaiya-td.com\/broadway-store\/\" class=\"wd-info-box-link wd-fill\" aria-label=\"Infobox link\"><\/a>\n\t\t\t\t\t\t\t<\/div>\n\t\t<\/div>\n\t\t\t\t\t\t<\/div>\n\t\t\t\t<\/div>\n\t\t\t\t<div class=\"elementor-element elementor-element-e6a210f elementor-widget__width-initial elementor-widget elementor-widget-wd_infobox\" data-id=\"e6a210f\" data-element_type=\"widget\" data-widget_type=\"wd_infobox.default\">\n\t\t\t\t<div class=\"elementor-widget-container\">\n\t\t\t\t\t\t\t<div class=\"info-box-wrapper\">\n\t\t\t<div class=\"wd-info-box text-left box-icon-align-top box-style-base color-scheme-\">\n\t\t\t\t\n\t\t\t\t<div class=\"info-box-content\">\n\t\t\t\t\t\n\t\t\t\t\t\t\t\t\t\t\t<h4\t\t\t\t\t\tclass=\"info-box-title title box-title-style-default wd-fontsize-m\" data-elementor-setting-key=\"title\">\n\t\t\t\t\t\t\t\tFiro\u015fgeha Valencia\t\t\t\t\t\t<\/h4>\n\t\t\t\t\t\n\t\t\t\t\t<div class=\"info-box-inner reset-last-child\"data-elementor-setting-key=\"content\"><p>1260 Broadway, San Francisco, CA 94110<\/p>\n<p><span style=\"color: #242424\"><strong>Telefon:<\/strong><\/span> <span style=\"color: #1877f2\"><em>(208) 555-0132<\/em><\/span><br \/> <span style=\"color: #242424\"><strong>E-name:<\/strong><\/span> <span style=\"color: #1877f2\"><em>woodmart@mail.com<\/em><\/span><\/p>\n<\/div>\n\n\t\t\t\t\t\t\t\t\t<\/div>\n\n\t\t\t\t\t\t\t\t\t<a href=\"https:\/\/alroaiya-td.com\/valencia-store\/\" class=\"wd-info-box-link wd-fill\" aria-label=\"Infobox link\"><\/a>\n\t\t\t\t\t\t\t<\/div>\n\t\t<\/div>\n\t\t\t\t\t\t<\/div>\n\t\t\t\t<\/div>\n\t\t\t\t<\/div>\n\t\t<div class=\"elementor-element elementor-element-baea431 e-con-full e-flex e-con e-child\" data-id=\"baea431\" data-element_type=\"container\">\n\t\t\t\t<div class=\"elementor-element elementor-element-4e06d22 elementor-widget__width-initial elementor-widget elementor-widget-wd_infobox\" data-id=\"4e06d22\" data-element_type=\"widget\" data-widget_type=\"wd_infobox.default\">\n\t\t\t\t<div class=\"elementor-widget-container\">\n\t\t\t\t\t\t\t<div class=\"info-box-wrapper\">\n\t\t\t<div class=\"wd-info-box text-left box-icon-align-top box-style-base color-scheme-\">\n\t\t\t\t\n\t\t\t\t<div class=\"info-box-content\">\n\t\t\t\t\t\n\t\t\t\t\t\t\t\t\t\t\t<h4\t\t\t\t\t\tclass=\"info-box-title title box-title-style-default wd-fontsize-m\" data-elementor-setting-key=\"title\">\n\t\t\t\t\t\t\t\tEmeryville Store\t\t\t\t\t\t<\/h4>\n\t\t\t\t\t\n\t\t\t\t\t<div class=\"info-box-inner reset-last-child\"data-elementor-setting-key=\"content\"><p>1034 36th St, Emeryville, CA 94608<\/p>\n<p><span style=\"color: #242424\"><strong>Telefon:<\/strong><\/span> <span style=\"color: #1877f2\"><em>(148) 555-0185<\/em><\/span><br \/> <span style=\"color: #242424\"><strong>E-name:<\/strong><\/span> <span style=\"color: #1877f2\"><em>woodmart@mail.com<\/em><\/span><\/p>\n<\/div>\n\n\t\t\t\t\t\t\t\t\t<\/div>\n\n\t\t\t\t\t\t\t\t\t<a href=\"https:\/\/alroaiya-td.com\/emeryville-store\/\" class=\"wd-info-box-link wd-fill\" aria-label=\"Infobox link\"><\/a>\n\t\t\t\t\t\t\t<\/div>\n\t\t<\/div>\n\t\t\t\t\t\t<\/div>\n\t\t\t\t<\/div>\n\t\t\t\t<div class=\"elementor-element elementor-element-013ea8b elementor-widget__width-initial elementor-widget elementor-widget-wd_infobox\" data-id=\"013ea8b\" data-element_type=\"widget\" data-widget_type=\"wd_infobox.default\">\n\t\t\t\t<div class=\"elementor-widget-container\">\n\t\t\t\t\t\t\t<div class=\"info-box-wrapper\">\n\t\t\t<div class=\"wd-info-box text-left box-icon-align-top box-style-base color-scheme-\">\n\t\t\t\t\n\t\t\t\t<div class=\"info-box-content\">\n\t\t\t\t\t\n\t\t\t\t\t\t\t\t\t\t\t<h4\t\t\t\t\t\tclass=\"info-box-title title box-title-style-default wd-fontsize-m\" data-elementor-setting-key=\"title\">\n\t\t\t\t\t\t\t\tAlameda Store\t\t\t\t\t\t<\/h4>\n\t\t\t\t\t\n\t\t\t\t\t<div class=\"info-box-inner reset-last-child\"data-elementor-setting-key=\"content\"><p>1433 High St, Alameda, CA 94501<\/p>\n<p><span style=\"color: #242424\"><strong>Telefon:<\/strong><\/span> <span style=\"color: #1877f2\"><em>(145) 555-0135<\/em><\/span><br \/> <span style=\"color: #242424\"><strong>E-name:<\/strong><\/span> <span style=\"color: #1877f2\"><em>woodmart@mail.com<\/em><\/span><\/p>\n<\/div>\n\n\t\t\t\t\t\t\t\t\t<\/div>\n\n\t\t\t\t\t\t\t\t\t<a href=\"https:\/\/alroaiya-td.com\/alameda-store\/\" class=\"wd-info-box-link wd-fill\" aria-label=\"Infobox link\"><\/a>\n\t\t\t\t\t\t\t<\/div>\n\t\t<\/div>\n\t\t\t\t\t\t<\/div>\n\t\t\t\t<\/div>\n\t\t\t\t<\/div>\n\t\t\t\t\t<\/div>\n\t\t\t\t<\/div>\n\t\t<div class=\"wd-negative-gap elementor-element elementor-element-305ed2b e-flex e-con-boxed e-con e-parent\" data-id=\"305ed2b\" data-element_type=\"container\">\n\t\t\t\t\t<div class=\"e-con-inner\">\n\t\t<div class=\"elementor-element elementor-element-5cb84dd e-con-full e-flex e-con e-child\" data-id=\"5cb84dd\" data-element_type=\"container\" data-settings=\"{&quot;background_background&quot;:&quot;classic&quot;}\">\n\t\t\t\t<div class=\"elementor-element elementor-element-25821a6 wd-width-100 elementor-widget elementor-widget-wd_title\" data-id=\"25821a6\" data-element_type=\"widget\" data-widget_type=\"wd_title.default\">\n\t\t\t\t<div class=\"elementor-widget-container\">\n\t\t\t\t\t\t\t<div class=\"title-wrapper wd-set-mb reset-last-child wd-title-color-default wd-title-style-default wd-title-size-default text-left\">\n\n\t\t\t\n\t\t\t<div class=\"liner-continer\">\n\t\t\t\t<h4 class=\"woodmart-title-container title wd-fontsize-l\">T\u00eakil\u00ee bike<\/h4> \n\t\t\t\t\t\t\t<\/div>\n\n\t\t\t\t\t<\/div>\n\t\t\t\t\t\t<\/div>\n\t\t\t\t<\/div>\n\t\t\t\t<div class=\"elementor-element elementor-element-e781b79 wd-cf7 elementor-widget elementor-widget-wd_contact_form_7\" data-id=\"e781b79\" data-element_type=\"widget\" data-widget_type=\"wd_contact_form_7.default\">\n\t\t\t\t<div class=\"elementor-widget-container\">\n\t\t\t\t\t\n<div class=\"wpcf7 no-js\" id=\"wpcf7-f2024-o1\" lang=\"en-US\" dir=\"ltr\" data-wpcf7-id=\"2024\">\n<div class=\"screen-reader-response\"><p role=\"status\" aria-live=\"polite\" aria-atomic=\"true\"><\/p> <ul><\/ul><\/div>\n<form action=\"\/ku\/index.php\/wp-json\/wp\/v2\/pages\/11288#wpcf7-f2024-o1\" method=\"post\" class=\"wpcf7-form init\" aria-label=\"Contact form\" novalidate=\"novalidate\" data-status=\"init\">\n<div style=\"display: none;\">\n<input type=\"hidden\" name=\"_wpcf7\" value=\"2024\" \/>\n<input type=\"hidden\" name=\"_wpcf7_version\" value=\"6.0.6\" \/>\n<input type=\"hidden\" name=\"_wpcf7_locale\" value=\"en_US\" \/>\n<input type=\"hidden\" name=\"_wpcf7_unit_tag\" value=\"wpcf7-f2024-o1\" \/>\n<input type=\"hidden\" name=\"_wpcf7_container_post\" value=\"0\" \/>\n<input type=\"hidden\" name=\"_wpcf7_posted_data_hash\" value=\"\" \/>\n<\/div>\n<div class=\"wd-grid-g\">\n\t<div class=\"wd-grid-f-stretch\">\n\t\t<p class=\"wd-col\"><span class=\"wpcf7-form-control-wrap\" data-name=\"First\"><input size=\"40\" maxlength=\"400\" class=\"wpcf7-form-control wpcf7-text wpcf7-validates-as-required\" aria-required=\"true\" aria-invalid=\"false\" placeholder=\"First name\" value=\"\" type=\"text\" name=\"First\" \/><\/span>\n\t\t<\/p>\n\t\t<p class=\"wd-col\"><span class=\"wpcf7-form-control-wrap\" data-name=\"Last\"><input size=\"40\" maxlength=\"400\" class=\"wpcf7-form-control wpcf7-text wpcf7-validates-as-required\" aria-required=\"true\" aria-invalid=\"false\" placeholder=\"Last name\" value=\"\" type=\"text\" name=\"Last\" \/><\/span>\n\t\t<\/p>\n\t<\/div>\n\t<p class=\"wd-col\"><span class=\"wpcf7-form-control-wrap\" data-name=\"Last\"><input size=\"40\" maxlength=\"400\" class=\"wpcf7-form-control wpcf7-text wpcf7-validates-as-required\" aria-required=\"true\" aria-invalid=\"false\" placeholder=\"Email\" value=\"\" type=\"text\" name=\"Last\" \/><\/span>\n\t<\/p>\n\t<p class=\"wd-col\"><span class=\"wpcf7-form-control-wrap\" data-name=\"your-message\"><textarea cols=\"40\" rows=\"10\" maxlength=\"2000\" class=\"wpcf7-form-control wpcf7-textarea\" aria-invalid=\"false\" placeholder=\"Your Message\" name=\"your-message\"><\/textarea><\/span>\n\t<\/p>\n\t<p class=\"wd-col\"><input class=\"wpcf7-form-control wpcf7-submit has-spinner btn btn-color-primary\" type=\"submit\" value=\"Send Message\" \/>\n\t<\/p>\n<\/div><div class=\"wpcf7-response-output\" aria-hidden=\"true\"><\/div>\n<\/form>\n<\/div>\n\t\t\t\t<\/div>\n\t\t\t\t<\/div>\n\t\t\t\t<\/div>\n\t\t<div class=\"elementor-element elementor-element-e3d2f24 e-con-full e-flex e-con e-child\" data-id=\"e3d2f24\" data-element_type=\"container\" data-settings=\"{&quot;background_background&quot;:&quot;classic&quot;}\">\n\t\t<div class=\"wd-negative-gap elementor-element elementor-element-bf27a7b e-flex e-con-boxed e-con e-child\" data-id=\"bf27a7b\" data-element_type=\"container\" data-settings=\"{&quot;background_background&quot;:&quot;classic&quot;}\">\n\t\t\t\t\t<div class=\"e-con-inner\">\n\t\t\t\t<div class=\"elementor-element elementor-element-bf694ca wd-width-100 elementor-widget elementor-widget-wd_title\" data-id=\"bf694ca\" data-element_type=\"widget\" data-widget_type=\"wd_title.default\">\n\t\t\t\t<div class=\"elementor-widget-container\">\n\t\t\t\t\t\t\t<div class=\"title-wrapper wd-set-mb reset-last-child wd-title-color-default wd-title-style-default wd-title-size-small text-left\">\n\n\t\t\t\n\t\t\t<div class=\"liner-continer\">\n\t\t\t\t<h4 class=\"woodmart-title-container title wd-fontsize-m\">P\u00eadiv\u00ee bi Al\u00eekar\u00ee heye?<\/h4> \n\t\t\t\t\t\t\t<\/div>\n\n\t\t\t\t\t<\/div>\n\t\t\t\t\t\t<\/div>\n\t\t\t\t<\/div>\n\t\t\t\t<div class=\"elementor-element elementor-element-9ef7748 elementor-widget elementor-widget-wd_list\" data-id=\"9ef7748\" data-element_type=\"widget\" data-widget_type=\"wd_list.default\">\n\t\t\t\t<div class=\"elementor-widget-container\">\n\t\t\t\t\t\t\t<ul class=\"wd-list color-scheme-custom wd-fontsize-xs wd-type-icon wd-style-default text-left\">\n\t\t\t\t\t\t\t\t\t\t\t<li class=\"elementor-repeater-item-b7e03af\">\n\t\t\t\t\t\t\t\t\t\t\t<span class=\"wd-icon\"><img loading=\"lazy\" decoding=\"async\"  src=\"https:\/\/alroaiya-td.com\/wp-content\/uploads\/2023\/01\/phone.svg\" title=\"phone\" loading=\"lazy\" width=\"32\" height=\"32\"><\/span>\t\t\t\t\t\n\t\t\t\t\t<span class=\"wd-list-content list-content\">\n\t\t\t\t\t\t(208) 555-0112\t\t\t\t\t<\/span>\n\n\t\t\t\t\t\n\t\t\t\t\t\t<a  href=\"#\" class=\"wd-fill\" aria-label=\"List item link\"><\/a>\n\t\t\t\t\t\t\t\t\t<\/li>\n\t\t\t\t\t\t\t\t\t\t\t<li class=\"elementor-repeater-item-291ad44\">\n\t\t\t\t\t\t\t\t\t\t\t<span class=\"wd-icon\"><img loading=\"lazy\" decoding=\"async\"  src=\"https:\/\/alroaiya-td.com\/wp-content\/uploads\/2023\/01\/messenger.svg\" title=\"messenger\" loading=\"lazy\" width=\"32\" height=\"32\"><\/span>\t\t\t\t\t\n\t\t\t\t\t<span class=\"wd-list-content list-content\">\n\t\t\t\t\t\tAgahbir\t\t\t\t\t<\/span>\n\n\t\t\t\t\t\n\t\t\t\t\t\t<a  href=\"#\" class=\"wd-fill\" aria-label=\"List item link\"><\/a>\n\t\t\t\t\t\t\t\t\t<\/li>\n\t\t\t\t\t\t\t\t\t\t\t<li class=\"elementor-repeater-item-dc81d72\">\n\t\t\t\t\t\t\t\t\t\t\t<span class=\"wd-icon\"><img loading=\"lazy\" decoding=\"async\"  src=\"https:\/\/alroaiya-td.com\/wp-content\/uploads\/2023\/01\/telegram.svg\" title=\"telegram\" loading=\"lazy\" width=\"32\" height=\"32\"><\/span>\t\t\t\t\t\n\t\t\t\t\t<span class=\"wd-list-content list-content\">\n\t\t\t\t\t\tT\u00ealxiram\t\t\t\t\t<\/span>\n\n\t\t\t\t\t\n\t\t\t\t\t\t<a  href=\"#\" class=\"wd-fill\" aria-label=\"List item link\"><\/a>\n\t\t\t\t\t\t\t\t\t<\/li>\n\t\t\t\t\t\t\t\t\t\t\t<li class=\"elementor-repeater-item-c05932f\">\n\t\t\t\t\t\t\t\t\t\t\t<span class=\"wd-icon\"><img loading=\"lazy\" decoding=\"async\"  src=\"https:\/\/alroaiya-td.com\/wp-content\/uploads\/2023\/01\/email.svg\" title=\"email\" loading=\"lazy\" width=\"32\" height=\"32\"><\/span>\t\t\t\t\t\n\t\t\t\t\t<span class=\"wd-list-content list-content\">\n\t\t\t\t\t\tE-name: woodmart@mail.com\t\t\t\t\t<\/span>\n\n\t\t\t\t\t\n\t\t\t\t\t\t<a  href=\"#\" class=\"wd-fill\" aria-label=\"List item link\"><\/a>\n\t\t\t\t\t\t\t\t\t<\/li>\n\t\t\t\t\t<\/ul>\n\n\t\t\t\t\t\t<\/div>\n\t\t\t\t<\/div>\n\t\t\t\t<div class=\"elementor-element elementor-element-a9cbf31 wd-width-100 elementor-widget elementor-widget-wd_title\" data-id=\"a9cbf31\" data-element_type=\"widget\" data-widget_type=\"wd_title.default\">\n\t\t\t\t<div class=\"elementor-widget-container\">\n\t\t\t\t\t\t\t<div class=\"title-wrapper wd-set-mb reset-last-child wd-title-color-default wd-title-style-default wd-title-size-small text-left\">\n\n\t\t\t\n\t\t\t<div class=\"liner-continer\">\n\t\t\t\t<h4 class=\"woodmart-title-container title wd-fontsize-m\">Me bibin abone<\/h4> \n\t\t\t\t\t\t\t<\/div>\n\n\t\t\t\t\t<\/div>\n\t\t\t\t\t\t<\/div>\n\t\t\t\t<\/div>\n\t\t\t\t<div class=\"elementor-element elementor-element-d807e5d elementor-widget elementor-widget-wd_social_buttons\" data-id=\"d807e5d\" data-element_type=\"widget\" data-widget_type=\"wd_social_buttons.default\">\n\t\t\t\t<div class=\"elementor-widget-container\">\n\t\t\t\t\t\t\t\t<div id=\"\" class=\" wd-social-icons wd-style-colored wd-size-default social-share wd-shape-circle color-scheme-dark text-left\">\n\t\t\t\t\n\t\t\t\t\n\t\t\t\t\t\t\t\t\t<a rel=\"noopener noreferrer nofollow\" href=\"https:\/\/www.facebook.com\/sharer\/sharer.php?u=https:\/\/alroaiya-td.com\/ku\/index.php\/tekiliyen-me\/\" target=\"_blank\" class=\" wd-social-icon social-facebook\" aria-label=\"Facebook social link\">\n\t\t\t\t\t\t<span class=\"wd-icon\"><\/span>\n\t\t\t\t\t\t\t\t\t\t\t<\/a>\n\t\t\t\t\n\t\t\t\t\t\t\t\t\t<a rel=\"noopener noreferrer nofollow\" href=\"https:\/\/x.com\/share?url=https:\/\/alroaiya-td.com\/ku\/index.php\/tekiliyen-me\/\" target=\"_blank\" class=\" wd-social-icon social-twitter\" aria-label=\"X social link\">\n\t\t\t\t\t\t<span class=\"wd-icon\"><\/span>\n\t\t\t\t\t\t\t\t\t\t\t<\/a>\n\t\t\t\t\n\t\t\t\t\n\t\t\t\t\n\t\t\t\t\n\t\t\t\t\n\t\t\t\t\n\t\t\t\t\t\t\t\t\t<a rel=\"noopener noreferrer nofollow\" href=\"https:\/\/pinterest.com\/pin\/create\/button\/?url=https:\/\/alroaiya-td.com\/ku\/index.php\/tekiliyen-me\/&media=https:\/\/alroaiya-td.com\/wp-includes\/images\/media\/default.svg&description=T%C3%AAkiliy%C3%AAn+me\" target=\"_blank\" class=\" wd-social-icon social-pinterest\" aria-label=\"Pinterest social link\">\n\t\t\t\t\t\t<span class=\"wd-icon\"><\/span>\n\t\t\t\t\t\t\t\t\t\t\t<\/a>\n\t\t\t\t\n\t\t\t\t\n\t\t\t\t\t\t\t\t\t<a rel=\"noopener noreferrer nofollow\" href=\"https:\/\/www.linkedin.com\/shareArticle?mini=true&url=https:\/\/alroaiya-td.com\/ku\/index.php\/tekiliyen-me\/\" target=\"_blank\" class=\" wd-social-icon social-linkedin\" aria-label=\"Linkedin social link\">\n\t\t\t\t\t\t<span class=\"wd-icon\"><\/span>\n\t\t\t\t\t\t\t\t\t\t\t<\/a>\n\t\t\t\t\n\t\t\t\t\n\t\t\t\t\n\t\t\t\t\n\t\t\t\t\n\t\t\t\t\n\t\t\t\t\n\t\t\t\t\n\t\t\t\t\n\t\t\t\t\n\t\t\t\t\n\t\t\t\t\n\t\t\t\t\n\t\t\t\t\n\t\t\t\t\n\t\t\t\t\n\t\t\t\t\t\t\t\t\t<a rel=\"noopener noreferrer nofollow\" href=\"https:\/\/telegram.me\/share\/url?url=https:\/\/alroaiya-td.com\/ku\/index.php\/tekiliyen-me\/\" target=\"_blank\" class=\" wd-social-icon social-tg\" aria-label=\"Telegram social link\">\n\t\t\t\t\t\t<span class=\"wd-icon\"><\/span>\n\t\t\t\t\t\t\t\t\t\t\t<\/a>\n\t\t\t\t\n\t\t\t\t\n\t\t\t<\/div>\n\n\t\t\t\t\t\t<\/div>\n\t\t\t\t<\/div>\n\t\t\t\t\t<\/div>\n\t\t\t\t<\/div>\n\t\t\t\t<\/div>\n\t\t\t\t\t<\/div>\n\t\t\t\t<\/div>\n\t\t<div class=\"wd-negative-gap elementor-element elementor-element-45d255d e-flex e-con-boxed e-con e-parent\" data-id=\"45d255d\" data-element_type=\"container\" data-settings=\"{&quot;background_background&quot;:&quot;classic&quot;}\">\n\t\t\t\t\t<div class=\"e-con-inner\">\n\t\t<div class=\"wd-negative-gap elementor-element elementor-element-d623082 wd-collapsible-content e-flex e-con-boxed e-con e-child\" data-id=\"d623082\" data-element_type=\"container\">\n\t\t\t\t\t<div class=\"e-con-inner\">\n\t\t\t\t<div class=\"elementor-element elementor-element-d9383c9 wd-width-100 elementor-widget elementor-widget-wd_title\" data-id=\"d9383c9\" data-element_type=\"widget\" data-widget_type=\"wd_title.default\">\n\t\t\t\t<div class=\"elementor-widget-container\">\n\t\t\t\t\t\t\t<div class=\"title-wrapper wd-set-mb reset-last-child wd-title-color-default wd-title-style-default wd-title-size-default text-left\">\n\n\t\t\t\n\t\t\t<div class=\"liner-continer\">\n\t\t\t\t<h4 class=\"woodmart-title-container title wd-fontsize-l\">Firo\u015fgeha serh\u00eal a alav\u00ean mal\u00ea \u00fb elektron\u00eek\u00ee<\/h4> \n\t\t\t\t\t\t\t<\/div>\n\n\t\t\t\t\t<\/div>\n\t\t\t\t\t\t<\/div>\n\t\t\t\t<\/div>\n\t\t\t\t<div class=\"elementor-element elementor-element-31e4b87 elementor-widget elementor-widget-wd_text_block\" data-id=\"31e4b87\" data-element_type=\"widget\" data-widget_type=\"wd_text_block.default\">\n\t\t\t\t<div class=\"elementor-widget-container\">\n\t\t\t\t\t\t\t<div class=\"wd-text-block reset-last-child text-left\">\n\t\t\t\n\t\t\t<p>W\u00ea dem\u00ea pirs derdikeve hol\u00ea: naverok li ku ye? H\u00een ne li wir e? Ew ne ew qas xirab e, ji bo rizgarkirin\u00ea kopiyek dum\u00ee heye. L\u00ea xerabtir, eger mas\u00ee di ten\u00fbr\u00ea de nebe, ling ji bo boot\u00ea mezin e? An j\u00ee pi\u00e7\u00fbk? Ji hevok\u00ean kurt re, ji gelek sernavan re, w\u00eaney\u00ean ji bo s\u00eawirana p\u00ea\u015fniyarkir\u00ee pir mezin in, an pir pi\u00e7\u00fbk in, an j\u00ee di nav xwe de cih digirin, l\u00ea ji ber sedeman ew g\u00eaj xuya dikin.     <\/p><p>Mi\u015fterek ku ji ber sedemek neraz\u00ee ye pirsgir\u00eakek e, xer\u00eedarek ku nek\u00eafxwe\u015f be her \u00e7end nikaribe tiliya xwe deyne j\u00ee xirabtir e. Ihtimal heye ku hevkar\u00ee, t\u00eakil\u00ee \u00fb nuqtey\u00ean kontrol\u00ea neb\u00fbne, p\u00eavajoyek li ser lihevhatinek an j\u00ee bi h\u00fbrguliya hewce nehatiye diyar kirin.  Ew stratejiya naverok\u00ea ji destp\u00eak\u00ea ve xelet \u00e7\u00fb. Ger ew e ku h\u00fbn difikirin ka berevaj\u00ee v\u00ea yek\u00ea \u00e7awa ye? Meriv \u00e7awa dikare naverok\u00ea b\u00eay\u00ee s\u00eawiran\u00ea binirx\u00eene? B\u00ea t\u00eepograf\u00ee, b\u00ea reng, b\u00ea x\u00eazkirin, b\u00ea \u015f\u00eawaz, hem\u00ee ew ti\u015ft\u00ean ku \u00ee\u015faret\u00ean gir\u00eeng \u00ean ku ji niv\u00ees\u00ea ten\u00ea derbas dibin, hiyerar\u015fiya agahdar\u00ee, giran\u00ee, giran\u00ee, stres\u00ean b\u00easer\u00fbber, p\u00ea\u015fan\u00ee, hem\u00ee wan n\u00ee\u015fan\u00ean nazik \u00ean ku di heman dem\u00ea de ji xwendevanan re balk\u00ea\u015fiya d\u00eetbar\u00ee \u00fb hestyar\u00ee j\u00ee hene, radigih\u00eenin.   <\/p>\n\t\t\t\t\t<\/div>\n\t\t\t\t\t\t<\/div>\n\t\t\t\t<\/div>\n\t\t\t\t<div class=\"elementor-element elementor-element-8f0d26c elementor-widget elementor-widget-wd_button\" data-id=\"8f0d26c\" data-element_type=\"widget\" data-widget_type=\"wd_button.default\">\n\t\t\t\t<div class=\"elementor-widget-container\">\n\t\t\t\t\t\t\t<div class=\"wd-button-wrapper text-left wd-collapsible-button\" >\n\t\t\t<a class=\"btn btn-style-default btn-shape-semi-round btn-size-small btn-icon-pos-right\"  href=\"#\">\n\t\t\t\t<span class=\"wd-btn-text\" data-elementor-setting-key=\"text\">\n\t\t\t\t\tRead More\t\t\t\t<\/span>\n\n\t\t\t\t\t\t\t\t\t<span class=\"wd-btn-icon\">\n\t\t\t\t\t\t<img loading=\"lazy\" decoding=\"async\"  src=\"https:\/\/alroaiya-td.com\/wp-content\/uploads\/2023\/01\/chevron-down-black.svg\" title=\"chevron-down-black\" loading=\"lazy\" width=\"14\" height=\"14\">\t\t\t\t\t<\/span>\n\t\t\t\t\t\t\t<\/a>\n\t\t<\/div>\n\t\t\t\t\t\t<\/div>\n\t\t\t\t<\/div>\n\t\t\t\t\t<\/div>\n\t\t\t\t<\/div>\n\t\t\t\t\t<\/div>\n\t\t\t\t<\/div>\n\t\t\t\t<\/div>\n\t\t","protected":false},"excerpt":{"rendered":"<p>Broadway Store 1260 Broadway, San Francisco, CA 94109 Telefon: (208) 555-0112 E-name: woodmart@mail.com Firo\u015fgeha Valencia 1260 Broadway, San Francisco, CA<\/p>\n","protected":false},"author":1,"featured_media":0,"parent":0,"menu_order":0,"comment_status":"closed","ping_status":"closed","template":"","meta":{"footnotes":""},"class_list":["post-11288","page","type-page","status-publish","hentry"],"_links":{"self":[{"href":"https:\/\/alroaiya-td.com\/ku\/index.php\/wp-json\/wp\/v2\/pages\/11288","targetHints":{"allow":["GET"]}}],"collection":[{"href":"https:\/\/alroaiya-td.com\/ku\/index.php\/wp-json\/wp\/v2\/pages"}],"about":[{"href":"https:\/\/alroaiya-td.com\/ku\/index.php\/wp-json\/wp\/v2\/types\/page"}],"author":[{"embeddable":true,"href":"https:\/\/alroaiya-td.com\/ku\/index.php\/wp-json\/wp\/v2\/users\/1"}],"replies":[{"embeddable":true,"href":"https:\/\/alroaiya-td.com\/ku\/index.php\/wp-json\/wp\/v2\/comments?post=11288"}],"version-history":[{"count":5,"href":"https:\/\/alroaiya-td.com\/ku\/index.php\/wp-json\/wp\/v2\/pages\/11288\/revisions"}],"predecessor-version":[{"id":11307,"href":"https:\/\/alroaiya-td.com\/ku\/index.php\/wp-json\/wp\/v2\/pages\/11288\/revisions\/11307"}],"wp:attachment":[{"href":"https:\/\/alroaiya-td.com\/ku\/index.php\/wp-json\/wp\/v2\/media?parent=11288"}],"curies":[{"name":"wp","href":"https:\/\/api.w.org\/{rel}","templated":true}]}}