{"id":11302,"date":"2022-11-30T16:08:51","date_gmt":"2022-11-30T16:08:51","guid":{"rendered":"https:\/\/alroaiya-td.com\/index.php\/stores\/"},"modified":"2025-04-13T13:32:15","modified_gmt":"2025-04-13T13:32:15","slug":"stores","status":"publish","type":"page","link":"https:\/\/alroaiya-td.com\/ku\/index.php\/stores\/","title":{"rendered":"Stores"},"content":{"rendered":"\t\t<div data-elementor-type=\"wp-page\" data-elementor-id=\"11302\" class=\"elementor elementor-11302 elementor-27\">\n\t\t\t\t<div class=\"wd-negative-gap elementor-element elementor-element-421a639 e-flex e-con-boxed e-con e-parent\" data-id=\"421a639\" data-element_type=\"container\" data-settings=\"{&quot;background_background&quot;:&quot;classic&quot;}\">\n\t\t\t\t\t<div class=\"e-con-inner\">\n\t\t<div class=\"elementor-element elementor-element-ae9be23 e-con-full e-flex e-con e-child\" data-id=\"ae9be23\" data-element_type=\"container\">\n\t\t\t\t<div class=\"elementor-element elementor-element-f07c0c3 wd-width-100 elementor-widget elementor-widget-wd_title\" data-id=\"f07c0c3\" data-element_type=\"widget\" data-widget_type=\"wd_title.default\">\n\t\t\t\t<div class=\"elementor-widget-container\">\n\t\t\t\t\t\t\t<div class=\"title-wrapper wd-set-mb reset-last-child wd-title-color-white wd-title-style-default wd-title-size-medium text-left\">\n\n\t\t\t\n\t\t\t<div class=\"liner-continer\">\n\t\t\t\t<h4 class=\"woodmart-title-container title wd-fontsize-xl\">Serdana Firotgeh\u00ean Me bikin<\/h4> \n\t\t\t\t\t\t\t<\/div>\n\n\t\t\t\t\t\t\t<div class=\"title-after_title reset-last-child wd-fontsize-s\">\n\t\t\t\t\t<p>H\u00fbn dikarin ji me fermanek bist\u00eenin, gelek hilber\u00ean bi dak\u00ea\u015fan\u00ean b\u00eahempa bib\u00eenin, \u00fb her weha, heke hewce be, bi navenda kar\u00fbbar\u00ea re t\u00eakil\u00ee daynin.<\/p>\t\t\t\t<\/div>\n\t\t\t\t\t<\/div>\n\t\t\t\t\t\t<\/div>\n\t\t\t\t<\/div>\n\t\t<div class=\"wd-negative-gap elementor-element elementor-element-89b96e4 e-flex e-con-boxed e-con e-child\" data-id=\"89b96e4\" data-element_type=\"container\">\n\t\t\t\t\t<div class=\"e-con-inner\">\n\t\t\t\t<div class=\"elementor-element elementor-element-463dd83 elementor-widget__width-initial elementor-widget elementor-widget-wd_infobox\" data-id=\"463dd83\" data-element_type=\"widget\" data-widget_type=\"wd_infobox.default\">\n\t\t\t\t<div class=\"elementor-widget-container\">\n\t\t\t\t\t\t\t<div class=\"info-box-wrapper\">\n\t\t\t<div class=\"wd-info-box text-left box-icon-align-top box-style-base color-scheme-light\">\n\t\t\t\t\t\t\t\t\t<div class=\"box-icon-wrapper  box-with-icon box-icon-simple\">\n\t\t\t\t\t\t<div class=\"info-box-icon\">\n\t\t\t\t\t\t\t\t\t\t\t\t\t\t\t<div class=\"info-svg-wrapper\" style=\"width:24px; height:24px;\"><img loading=\"lazy\" decoding=\"async\"  src=\"https:\/\/alroaiya-td.com\/wp-content\/uploads\/2023\/01\/header-cart.svg\" title=\"header-cart\" loading=\"lazy\" width=\"24\" height=\"24\"><\/div>\t\t\t\t\t\t\t\t\t\t\t\t\t<\/div>\n\t\t\t\t\t<\/div>\n\t\t\t\t\n\t\t\t\t<div class=\"info-box-content\">\n\t\t\t\t\t\n\t\t\t\t\t\t\t\t\t\t\t<h4\t\t\t\t\t\tclass=\"info-box-title title box-title-style-default wd-fontsize-m\" data-elementor-setting-key=\"title\">\n\t\t\t\t\t\t\t\tstore Convenient\t\t\t\t\t\t<\/h4>\n\t\t\t\t\t\n\t\t\t\t\t<div class=\"info-box-inner reset-last-child\"data-elementor-setting-key=\"content\"><\/div>\n\n\t\t\t\t\t\t\t\t\t<\/div>\n\n\t\t\t\t\t\t\t\t\t<a href=\"#\" class=\"wd-info-box-link wd-fill\" aria-label=\"Infobox link\"><\/a>\n\t\t\t\t\t\t\t<\/div>\n\t\t<\/div>\n\t\t\t\t\t\t<\/div>\n\t\t\t\t<\/div>\n\t\t\t\t<div class=\"elementor-element elementor-element-ceb718f elementor-widget__width-initial elementor-widget elementor-widget-wd_infobox\" data-id=\"ceb718f\" data-element_type=\"widget\" data-widget_type=\"wd_infobox.default\">\n\t\t\t\t<div class=\"elementor-widget-container\">\n\t\t\t\t\t\t\t<div class=\"info-box-wrapper\">\n\t\t\t<div class=\"wd-info-box text-left box-icon-align-top box-style-base color-scheme-light\">\n\t\t\t\t\t\t\t\t\t<div class=\"box-icon-wrapper  box-with-icon box-icon-simple\">\n\t\t\t\t\t\t<div class=\"info-box-icon\">\n\t\t\t\t\t\t\t\t\t\t\t\t\t\t\t<div class=\"info-svg-wrapper\" style=\"width:24px; height:24px;\"><img loading=\"lazy\" decoding=\"async\"  src=\"https:\/\/alroaiya-td.com\/wp-content\/uploads\/2023\/08\/storec-shop.svg\" title=\"storec-shop\" loading=\"lazy\" width=\"24\" height=\"24\"><\/div>\t\t\t\t\t\t\t\t\t\t\t\t\t<\/div>\n\t\t\t\t\t<\/div>\n\t\t\t\t\n\t\t\t\t<div class=\"info-box-content\">\n\t\t\t\t\t\n\t\t\t\t\t\t\t\t\t\t\t<h4\t\t\t\t\t\tclass=\"info-box-title title box-title-style-default wd-fontsize-m\" data-elementor-setting-key=\"title\">\n\t\t\t\t\t\t\t\tXala radestkirin\u00ea\t\t\t\t\t\t<\/h4>\n\t\t\t\t\t\n\t\t\t\t\t<div class=\"info-box-inner reset-last-child\"data-elementor-setting-key=\"content\"><\/div>\n\n\t\t\t\t\t\t\t\t\t<\/div>\n\n\t\t\t\t\t\t\t\t\t<a href=\"#\" class=\"wd-info-box-link wd-fill\" aria-label=\"Infobox link\"><\/a>\n\t\t\t\t\t\t\t<\/div>\n\t\t<\/div>\n\t\t\t\t\t\t<\/div>\n\t\t\t\t<\/div>\n\t\t\t\t<div class=\"elementor-element elementor-element-d7f604b elementor-widget__width-initial elementor-widget elementor-widget-wd_infobox\" data-id=\"d7f604b\" data-element_type=\"widget\" data-widget_type=\"wd_infobox.default\">\n\t\t\t\t<div class=\"elementor-widget-container\">\n\t\t\t\t\t\t\t<div class=\"info-box-wrapper\">\n\t\t\t<div class=\"wd-info-box text-left box-icon-align-top box-style-base color-scheme-light\">\n\t\t\t\t\t\t\t\t\t<div class=\"box-icon-wrapper  box-with-icon box-icon-simple\">\n\t\t\t\t\t\t<div class=\"info-box-icon\">\n\t\t\t\t\t\t\t\t\t\t\t\t\t\t\t<div class=\"info-svg-wrapper\" style=\"width:24px; height:24px;\"><img loading=\"lazy\" decoding=\"async\"  src=\"https:\/\/alroaiya-td.com\/wp-content\/uploads\/2023\/08\/storec-cog.svg\" title=\"storec-cog\" loading=\"lazy\" width=\"24\" height=\"24\"><\/div>\t\t\t\t\t\t\t\t\t\t\t\t\t<\/div>\n\t\t\t\t\t<\/div>\n\t\t\t\t\n\t\t\t\t<div class=\"info-box-content\">\n\t\t\t\t\t\n\t\t\t\t\t\t\t\t\t\t\t<h4\t\t\t\t\t\tclass=\"info-box-title title box-title-style-default wd-fontsize-m\" data-elementor-setting-key=\"title\">\n\t\t\t\t\t\t\t\tnavenda xizmet\u00ea\t\t\t\t\t\t<\/h4>\n\t\t\t\t\t\n\t\t\t\t\t<div class=\"info-box-inner reset-last-child\"data-elementor-setting-key=\"content\"><\/div>\n\n\t\t\t\t\t\t\t\t\t<\/div>\n\n\t\t\t\t\t\t\t\t\t<a href=\"#\" class=\"wd-info-box-link wd-fill\" aria-label=\"Infobox link\"><\/a>\n\t\t\t\t\t\t\t<\/div>\n\t\t<\/div>\n\t\t\t\t\t\t<\/div>\n\t\t\t\t<\/div>\n\t\t\t\t\t<\/div>\n\t\t\t\t<\/div>\n\t\t\t\t<\/div>\n\t\t<div class=\"elementor-element elementor-element-93f4f11 e-con-full e-flex e-con e-child\" data-id=\"93f4f11\" data-element_type=\"container\">\n\t\t\t\t<div class=\"elementor-element elementor-element-b1738be elementor-widget elementor-widget-wd_image_or_svg\" data-id=\"b1738be\" data-element_type=\"widget\" data-widget_type=\"wd_image_or_svg.default\">\n\t\t\t\t<div class=\"elementor-widget-container\">\n\t\t\t\t\t\n\t\t<div class=\"wd-image text-center\">\n\t\t\t\t\t\t\t\t<img fetchpriority=\"high\" decoding=\"async\" width=\"660\" height=\"303\" src=\"https:\/\/alroaiya-td.com\/wp-content\/uploads\/2023\/01\/stores-header-img-opt.jpg\" class=\"attachment-full size-full\" alt=\"\" \/>\t\t\t\t\t<\/div>\n\n\t\t\t\t\t\t<\/div>\n\t\t\t\t<\/div>\n\t\t\t\t<\/div>\n\t\t\t\t\t<\/div>\n\t\t\t\t<\/div>\n\t\t<div class=\"wd-negative-gap elementor-element elementor-element-b6984ba e-flex e-con-boxed e-con e-parent\" data-id=\"b6984ba\" data-element_type=\"container\" data-settings=\"{&quot;background_background&quot;:&quot;classic&quot;}\">\n\t\t\t\t\t<div class=\"e-con-inner\">\n\t\t\t\t<div class=\"elementor-element elementor-element-f8fc909 wd-width-100 elementor-widget elementor-widget-wd_title\" data-id=\"f8fc909\" data-element_type=\"widget\" data-widget_type=\"wd_title.default\">\n\t\t\t\t<div class=\"elementor-widget-container\">\n\t\t\t\t\t\t\t<div class=\"title-wrapper wd-set-mb reset-last-child wd-title-color-default wd-title-style-default wd-title-size-default text-left\">\n\n\t\t\t\n\t\t\t<div class=\"liner-continer\">\n\t\t\t\t<h4 class=\"woodmart-title-container title wd-fontsize-l\">Firo\u015fgeha Serh\u00eal a Am\u00fbr\u00ean Xan\u00ee \u00fb Elektron\u00eek\u00ee<\/h4> \n\t\t\t\t\t\t\t<\/div>\n\n\t\t\t\t\t<\/div>\n\t\t\t\t\t\t<\/div>\n\t\t\t\t<\/div>\n\t\t\t\t<div class=\"elementor-element elementor-element-c3efa07 elementor-widget elementor-widget-wd_text_block\" data-id=\"c3efa07\" data-element_type=\"widget\" data-widget_type=\"wd_text_block.default\">\n\t\t\t\t<div class=\"elementor-widget-container\">\n\t\t\t\t\t\t\t<div class=\"wd-text-block reset-last-child text-left\">\n\t\t\t\n\t\t\t<p>Firotgeha serh\u00eal a am\u00fbr \u00fb elektron\u00eek\u00ee yek ji firotgeh\u00ean serh\u00eal \u00ean p\u00ea\u015feng e. Kom di 25 cildan de derket. Di v\u00ea dem\u00ea de, t\u00eem\u00ea me 228 cypemapket \u015fandin \u00fb kar\u00ee firotgehek serh\u00eal a h\u00eazdar, bilez-xebat biafir\u00eene. R\u00eajeya xal\u00ean peydakirina serh\u00eal pir mezin e \u00fb hem\u00ee kategoriy\u00ean parg\u00eedaniy\u00ea y\u00ean ku ji bo firotgeh\u00ean h\u00easan t\u00eane peyda kirin vedigire.   <\/p><p>Di sala 2019-an de, me stratejiyek pol\u00eet\u00eekaya s\u00eenor a n\u00fb p\u00ea\u015fk\u00ea\u015f kir ku hem\u00ee aliy\u00ean \u00e7alakiy\u00ean parg\u00eedaniy\u00ea vedigire - \u015f\u00eawaza parg\u00eedan\u00ee, radestkirin \u00fb kar\u00ea \u015f\u00eawirmendiy\u00ea.<\/p>\n\t\t\t\t\t<\/div>\n\t\t\t\t\t\t<\/div>\n\t\t\t\t<\/div>\n\t\t<div class=\"elementor-element elementor-element-8942c16 e-con-full e-flex e-con e-child\" data-id=\"8942c16\" data-element_type=\"container\">\n\t\t<div class=\"elementor-element elementor-element-6116d45 e-con-full e-flex e-con e-child\" data-id=\"6116d45\" data-element_type=\"container\">\n\t\t\t\t<div class=\"elementor-element elementor-element-1d08c7e elementor-widget__width-initial elementor-widget elementor-widget-wd_banner\" data-id=\"1d08c7e\" data-element_type=\"widget\" data-widget_type=\"wd_banner.default\">\n\t\t\t\t<div class=\"elementor-widget-container\">\n\t\t\t\t\t\t\t<div class=\"promo-banner-wrapper\">\n\t\t\t<div class=\"promo-banner banner-mask banner-hover-zoom color-scheme-light banner-btn-size-default banner-btn-style-default with-btn banner-btn-position-static wd-with-link\">\n\t\t\t\t<div class=\"main-wrapp-img\">\n\t\t\t\t\t<div class=\"banner-image\">\n\t\t\t\t\t\t\t\t\t\t\t\t\t\t\t\t\t\t\t\t\t<img decoding=\"async\" width=\"330\" height=\"330\" src=\"https:\/\/alroaiya-td.com\/wp-content\/uploads\/2023\/01\/broadway-store-s.jpg\" class=\"attachment-full size-full\" alt=\"\" \/>\t\t\t\t\t\t\t\t\t\t\t\t\t\t\t\t\t\t<\/div>\n\t\t\t\t<\/div>\n\n\t\t\t\t<div class=\"wrapper-content-banner wd-fill wd-items-bottom wd-justify-left\">\n\t\t\t\t\t<div class=\"content-banner  text-left\">\n\t\t\t\t\t\t\n\t\t\t\t\t\t\t\t\t\t\t\t\t<h4 class=\"banner-title wd-fontsize-l\" data-elementor-setting-key=\"title\">\n\t\t\t\t\t\t\t\tBroadway Store\t\t\t\t\t\t\t<\/h4>\n\t\t\t\t\t\t\n\t\t\t\t\t\t\n\t\t\t\t\t\t\n\t\t\t\t\t\t\t\t\t\t\t\t\t<div class=\"banner-btn-wrapper\">\n\t\t\t\t\t\t\t\t\t\t<div class=\"wd-button-wrapper text-left\" >\n\t\t\t<a class=\"btn btn-style-default btn-shape-semi-round btn-size-default btn-color-primary btn-icon-pos-right\"  href=\"https:\/\/alroaiya-td.com\/broadway-store\/\">\n\t\t\t\t<span class=\"wd-btn-text\" data-elementor-setting-key=\"text\">\n\t\t\t\t\tView Store\t\t\t\t<\/span>\n\n\t\t\t\t\t\t\t<\/a>\n\t\t<\/div>\n\t\t\t\t\t\t\t\t\t<\/div>\n\t\t\t\t\t\t\t\t\t\t\t<\/div>\n\t\t\t\t<\/div>\n\n\t\t\t\t\t\t\t\t\t<a href=\"https:\/\/alroaiya-td.com\/broadway-store\/\" class=\"wd-promo-banner-link wd-fill\" aria-label=\"Banner link\"><\/a>\n\t\t\t\t\t\t\t<\/div>\n\t\t<\/div>\n\t\t\t\t\t\t<\/div>\n\t\t\t\t<\/div>\n\t\t\t\t<div class=\"elementor-element elementor-element-5e35d48 elementor-widget__width-initial elementor-widget elementor-widget-wd_banner\" data-id=\"5e35d48\" data-element_type=\"widget\" data-widget_type=\"wd_banner.default\">\n\t\t\t\t<div class=\"elementor-widget-container\">\n\t\t\t\t\t\t\t<div class=\"promo-banner-wrapper\">\n\t\t\t<div class=\"promo-banner banner-mask banner-hover-zoom color-scheme-light banner-btn-size-default banner-btn-style-default with-btn banner-btn-position-static wd-with-link\">\n\t\t\t\t<div class=\"main-wrapp-img\">\n\t\t\t\t\t<div class=\"banner-image\">\n\t\t\t\t\t\t\t\t\t\t\t\t\t\t\t\t\t\t\t\t\t<img decoding=\"async\" width=\"330\" height=\"330\" src=\"https:\/\/alroaiya-td.com\/wp-content\/uploads\/2023\/01\/valencia-store-s.jpg\" class=\"attachment-full size-full\" alt=\"\" \/>\t\t\t\t\t\t\t\t\t\t\t\t\t\t\t\t\t\t<\/div>\n\t\t\t\t<\/div>\n\n\t\t\t\t<div class=\"wrapper-content-banner wd-fill wd-items-bottom wd-justify-left\">\n\t\t\t\t\t<div class=\"content-banner  text-left\">\n\t\t\t\t\t\t\n\t\t\t\t\t\t\t\t\t\t\t\t\t<h4 class=\"banner-title wd-fontsize-l\" data-elementor-setting-key=\"title\">\n\t\t\t\t\t\t\t\tFiro\u015fgeha Valencia\t\t\t\t\t\t\t<\/h4>\n\t\t\t\t\t\t\n\t\t\t\t\t\t\n\t\t\t\t\t\t\n\t\t\t\t\t\t\t\t\t\t\t\t\t<div class=\"banner-btn-wrapper\">\n\t\t\t\t\t\t\t\t\t\t<div class=\"wd-button-wrapper text-left\" >\n\t\t\t<a class=\"btn btn-style-default btn-shape-semi-round btn-size-default btn-color-primary btn-icon-pos-right\"  href=\"https:\/\/alroaiya-td.com\/valencia-store\/\">\n\t\t\t\t<span class=\"wd-btn-text\" data-elementor-setting-key=\"text\">\n\t\t\t\t\tView Store\t\t\t\t<\/span>\n\n\t\t\t\t\t\t\t<\/a>\n\t\t<\/div>\n\t\t\t\t\t\t\t\t\t<\/div>\n\t\t\t\t\t\t\t\t\t\t\t<\/div>\n\t\t\t\t<\/div>\n\n\t\t\t\t\t\t\t\t\t<a href=\"https:\/\/alroaiya-td.com\/valencia-store\/\" class=\"wd-promo-banner-link wd-fill\" aria-label=\"Banner link\"><\/a>\n\t\t\t\t\t\t\t<\/div>\n\t\t<\/div>\n\t\t\t\t\t\t<\/div>\n\t\t\t\t<\/div>\n\t\t\t\t<\/div>\n\t\t<div class=\"elementor-element elementor-element-816dbdb e-con-full e-flex e-con e-child\" data-id=\"816dbdb\" data-element_type=\"container\">\n\t\t\t\t<div class=\"elementor-element elementor-element-23d287f elementor-widget__width-initial elementor-widget elementor-widget-wd_banner\" data-id=\"23d287f\" data-element_type=\"widget\" data-widget_type=\"wd_banner.default\">\n\t\t\t\t<div class=\"elementor-widget-container\">\n\t\t\t\t\t\t\t<div class=\"promo-banner-wrapper\">\n\t\t\t<div class=\"promo-banner banner-mask banner-hover-zoom color-scheme-light banner-btn-size-default banner-btn-style-default with-btn banner-btn-position-static wd-with-link\">\n\t\t\t\t<div class=\"main-wrapp-img\">\n\t\t\t\t\t<div class=\"banner-image\">\n\t\t\t\t\t\t\t\t\t\t\t\t\t\t\t\t\t\t\t\t\t<img loading=\"lazy\" decoding=\"async\" width=\"330\" height=\"330\" src=\"https:\/\/alroaiya-td.com\/wp-content\/uploads\/2023\/01\/emeryville-store-s.jpg\" class=\"attachment-full size-full\" alt=\"\" \/>\t\t\t\t\t\t\t\t\t\t\t\t\t\t\t\t\t\t<\/div>\n\t\t\t\t<\/div>\n\n\t\t\t\t<div class=\"wrapper-content-banner wd-fill wd-items-bottom wd-justify-left\">\n\t\t\t\t\t<div class=\"content-banner  text-left\">\n\t\t\t\t\t\t\n\t\t\t\t\t\t\t\t\t\t\t\t\t<h4 class=\"banner-title wd-fontsize-l\" data-elementor-setting-key=\"title\">\n\t\t\t\t\t\t\t\tEmeryville Store\t\t\t\t\t\t\t<\/h4>\n\t\t\t\t\t\t\n\t\t\t\t\t\t\n\t\t\t\t\t\t\n\t\t\t\t\t\t\t\t\t\t\t\t\t<div class=\"banner-btn-wrapper\">\n\t\t\t\t\t\t\t\t\t\t<div class=\"wd-button-wrapper text-left\" >\n\t\t\t<a class=\"btn btn-style-default btn-shape-semi-round btn-size-default btn-color-primary btn-icon-pos-right\"  href=\"https:\/\/alroaiya-td.com\/emeryville-store\/\">\n\t\t\t\t<span class=\"wd-btn-text\" data-elementor-setting-key=\"text\">\n\t\t\t\t\tView Store\t\t\t\t<\/span>\n\n\t\t\t\t\t\t\t<\/a>\n\t\t<\/div>\n\t\t\t\t\t\t\t\t\t<\/div>\n\t\t\t\t\t\t\t\t\t\t\t<\/div>\n\t\t\t\t<\/div>\n\n\t\t\t\t\t\t\t\t\t<a href=\"https:\/\/alroaiya-td.com\/emeryville-store\/\" class=\"wd-promo-banner-link wd-fill\" aria-label=\"Banner link\"><\/a>\n\t\t\t\t\t\t\t<\/div>\n\t\t<\/div>\n\t\t\t\t\t\t<\/div>\n\t\t\t\t<\/div>\n\t\t\t\t<div class=\"elementor-element elementor-element-9244927 elementor-widget__width-initial elementor-widget elementor-widget-wd_banner\" data-id=\"9244927\" data-element_type=\"widget\" data-widget_type=\"wd_banner.default\">\n\t\t\t\t<div class=\"elementor-widget-container\">\n\t\t\t\t\t\t\t<div class=\"promo-banner-wrapper\">\n\t\t\t<div class=\"promo-banner banner-mask banner-hover-zoom color-scheme-light banner-btn-size-default banner-btn-style-default with-btn banner-btn-position-static wd-with-link\">\n\t\t\t\t<div class=\"main-wrapp-img\">\n\t\t\t\t\t<div class=\"banner-image\">\n\t\t\t\t\t\t\t\t\t\t\t\t\t\t\t\t\t\t\t\t\t<img loading=\"lazy\" decoding=\"async\" width=\"330\" height=\"330\" src=\"https:\/\/alroaiya-td.com\/wp-content\/uploads\/2023\/01\/alameda-store-s.jpg\" class=\"attachment-full size-full\" alt=\"\" \/>\t\t\t\t\t\t\t\t\t\t\t\t\t\t\t\t\t\t<\/div>\n\t\t\t\t<\/div>\n\n\t\t\t\t<div class=\"wrapper-content-banner wd-fill wd-items-bottom wd-justify-left\">\n\t\t\t\t\t<div class=\"content-banner  text-left\">\n\t\t\t\t\t\t\n\t\t\t\t\t\t\t\t\t\t\t\t\t<h4 class=\"banner-title wd-fontsize-l\" data-elementor-setting-key=\"title\">\n\t\t\t\t\t\t\t\tAlameda Store\t\t\t\t\t\t\t<\/h4>\n\t\t\t\t\t\t\n\t\t\t\t\t\t\n\t\t\t\t\t\t\n\t\t\t\t\t\t\t\t\t\t\t\t\t<div class=\"banner-btn-wrapper\">\n\t\t\t\t\t\t\t\t\t\t<div class=\"wd-button-wrapper text-left\" >\n\t\t\t<a class=\"btn btn-style-default btn-shape-semi-round btn-size-default btn-color-primary btn-icon-pos-right\"  href=\"https:\/\/alroaiya-td.com\/alameda-store\/\">\n\t\t\t\t<span class=\"wd-btn-text\" data-elementor-setting-key=\"text\">\n\t\t\t\t\tView Store\t\t\t\t<\/span>\n\n\t\t\t\t\t\t\t<\/a>\n\t\t<\/div>\n\t\t\t\t\t\t\t\t\t<\/div>\n\t\t\t\t\t\t\t\t\t\t\t<\/div>\n\t\t\t\t<\/div>\n\n\t\t\t\t\t\t\t\t\t<a href=\"https:\/\/alroaiya-td.com\/alameda-store\/\" class=\"wd-promo-banner-link wd-fill\" aria-label=\"Banner link\"><\/a>\n\t\t\t\t\t\t\t<\/div>\n\t\t<\/div>\n\t\t\t\t\t\t<\/div>\n\t\t\t\t<\/div>\n\t\t\t\t<\/div>\n\t\t\t\t<\/div>\n\t\t\t\t<div class=\"elementor-element elementor-element-90ee411 elementor-widget elementor-widget-wd_text_block\" data-id=\"90ee411\" data-element_type=\"widget\" data-widget_type=\"wd_text_block.default\">\n\t\t\t\t<div class=\"elementor-widget-container\">\n\t\t\t\t\t\t\t<div class=\"wd-text-block reset-last-child text-left\">\n\t\t\t\n\t\t\t<h4>Serhatiyek ec\u00eab li tevahiya giyan\u00ea min girtiye<\/h4><p>Div\u00ea ez di dema niha de nekaribim yek derbek\u00ea x\u00eaz bikim; \u00fb d\u00eesa j\u00ee ez hest dikim ku ez tu car\u00ee ji nuha mezintir neb\u00fbm hunermendek.<\/p><h4>Gava, dema ku geliy\u00ea delal li dora min bi buhar\u00ea diqeli\u015fe<\/h4><p>dinyaya pi\u00e7\u00fbk a di nav dendikan de, \u00fb bi b\u00eahejmar form\u00ean k\u00eazik \u00fb m\u00ea\u015fan \u00ean ku nay\u00ean ravekirin nas dikin, w\u00ea hing\u00ea ez heb\u00fbna Xweday\u00ea Kar\u00eendar, y\u00ea ku em di s\u00fbret\u00ea xwe de ava kiriye, \u00fb b\u00eahna w\u00ea ev\u00eena gerd\u00fbn\u00ee ya ku me hildigire \u00fb dipar\u00eaze, dema ku li dora me di bextewariyek b\u00eadaw\u00ee de diherike, h\u00ees dikim; \u00fb pa\u015f\u00ea, heval\u00ea min, dema ku tar\u00ee \u00e7av\u00ea min di\u015fewit\u00eene, \u00fb erd \u00fb ezman di giyan\u00ea min de dixuye \u00fb h\u00eaza w\u00ea di\u015foxil\u00eene, m\u00eena \u015fikl\u00ea xanima delal, w\u00ea dem\u00ea ez gelek caran bi hesret difikir\u00eem, ey, ma ez dikarim van t\u00eag\u00eenan veb\u00eajim, bikaribim li ser kaxez\u00ea her ti\u015ft\u00ea ku di hundur\u00ea min de ewqas tij\u00ee \u00fb germ dij\u00ee, biki\u015f\u00eenim, ku ew bibe neynika giyan\u00ea min, wek\u00ee neynika giyan\u00ea min, wek\u00ee neynika giyan\u00ea min!<\/p><h4>Kir\u00eena serh\u00eal ku bi rast\u00ee rehet e<\/h4><p>Par\u00e7ey\u00ean ger\u00eedey\u00ea \u00fb her ti\u015ft\u00ea ku h\u00fbn ji bo tam\u00eerkirin \u00fb l\u00eanih\u00ear\u00eena bir\u00eak\u00fbp\u00eak a wesay\u00eeta we hewce ne di katalogek h\u00easan \u00fb berfireh de t\u00eane navn\u00ee\u015f kirin. L\u00eager\u00eena n\u00fbjen - bi nav, ID-ya babet\u00ea an jimareya OEM-\u00ea d\u00ea ji we re bibe al\u00eekar ku h\u00fbn per\u00e7ey\u00ean otomat\u00ea bi h\u00easan\u00ee bib\u00eenin. <\/p><p>H\u00fbn dikarin di nav vebijark\u00ean cih\u00eareng de k\u00eejan away\u00ea dravdan\u00ea ji we re her\u00ee rehet e hilbij\u00earin. Pirs hene? Pispor\u00ean kar\u00fbbar\u00ea pi\u015ftevaniya me her gav amade ne ku al\u00eekariy\u00ea bikin. Hilbijartin \u00fb kir\u00eena par\u00e7ey\u00ean ger\u00eedey\u00ea bi me re ezm\u00fbnek k\u00eafxwe\u015f e!   <\/p>\n\t\t\t\t\t<\/div>\n\t\t\t\t\t\t<\/div>\n\t\t\t\t<\/div>\n\t\t\t\t\t<\/div>\n\t\t\t\t<\/div>\n\t\t<div class=\"wd-negative-gap elementor-element elementor-element-fb37946 e-flex e-con-boxed e-con e-parent\" data-id=\"fb37946\" data-element_type=\"container\" data-settings=\"{&quot;background_background&quot;:&quot;classic&quot;}\">\n\t\t\t\t\t<div class=\"e-con-inner\">\n\t\t<div class=\"wd-negative-gap elementor-element elementor-element-72cdd94 wd-collapsible-content e-flex e-con-boxed e-con e-child\" data-id=\"72cdd94\" data-element_type=\"container\">\n\t\t\t\t\t<div class=\"e-con-inner\">\n\t\t\t\t<div class=\"elementor-element elementor-element-714573f wd-width-100 elementor-widget elementor-widget-wd_title\" data-id=\"714573f\" data-element_type=\"widget\" data-widget_type=\"wd_title.default\">\n\t\t\t\t<div class=\"elementor-widget-container\">\n\t\t\t\t\t\t\t<div class=\"title-wrapper wd-set-mb reset-last-child wd-title-color-default wd-title-style-default wd-title-size-default text-left\">\n\n\t\t\t\n\t\t\t<div class=\"liner-continer\">\n\t\t\t\t<h4 class=\"woodmart-title-container title wd-fontsize-l\">Firo\u015fgeha serh\u00eal a alav\u00ean mal\u00ea \u00fb elektron\u00eek\u00ee<\/h4> \n\t\t\t\t\t\t\t<\/div>\n\n\t\t\t\t\t<\/div>\n\t\t\t\t\t\t<\/div>\n\t\t\t\t<\/div>\n\t\t\t\t<div class=\"elementor-element elementor-element-85c21d0 elementor-widget elementor-widget-wd_text_block\" data-id=\"85c21d0\" data-element_type=\"widget\" data-widget_type=\"wd_text_block.default\">\n\t\t\t\t<div class=\"elementor-widget-container\">\n\t\t\t\t\t\t\t<div class=\"wd-text-block reset-last-child text-left\">\n\t\t\t\n\t\t\t<p>W\u00ea dem\u00ea pirs derdikeve hol\u00ea: naverok li ku ye? H\u00een ne li wir e? Ew ne ew qas xirab e, ji bo rizgarkirin\u00ea kopiyek dum\u00ee heye. L\u00ea xerabtir, eger mas\u00ee di ten\u00fbr\u00ea de nebe, ling ji bo boot\u00ea mezin e? An j\u00ee pi\u00e7\u00fbk? Ji hevok\u00ean kurt re, ji gelek sernavan re, w\u00eaney\u00ean ji bo s\u00eawirana p\u00ea\u015fniyarkir\u00ee pir mezin in, an pir pi\u00e7\u00fbk in, an j\u00ee di nav xwe de cih digirin, l\u00ea ji ber sedeman ew g\u00eaj xuya dikin.     <\/p><p>Mi\u015fterek ku ji ber sedemek neraz\u00ee ye pirsgir\u00eakek e, xer\u00eedarek ku nek\u00eafxwe\u015f be her \u00e7end nikaribe tiliya xwe deyne j\u00ee xirabtir e. Ihtimal heye ku hevkar\u00ee, t\u00eakil\u00ee \u00fb nuqtey\u00ean kontrol\u00ea neb\u00fbne, p\u00eavajoyek li ser lihevhatinek an j\u00ee bi h\u00fbrguliya hewce nehatiye diyar kirin.  Ew stratejiya naverok\u00ea ji destp\u00eak\u00ea ve xelet \u00e7\u00fb. Ger ew e ku h\u00fbn difikirin ka berevaj\u00ee v\u00ea yek\u00ea \u00e7awa ye? Meriv \u00e7awa dikare naverok\u00ea b\u00eay\u00ee s\u00eawiran\u00ea binirx\u00eene? B\u00ea t\u00eepograf\u00ee, b\u00ea reng, b\u00ea x\u00eazkirin, b\u00ea \u015f\u00eawaz, hem\u00ee ew ti\u015ft\u00ean ku \u00ee\u015faret\u00ean gir\u00eeng \u00ean ku ji niv\u00ees\u00ea ten\u00ea derbas dibin, hiyerar\u015fiya agahdar\u00ee, giran\u00ee, giran\u00ee, stres\u00ean b\u00easer\u00fbber, p\u00ea\u015fan\u00ee, hem\u00ee wan n\u00ee\u015fan\u00ean nazik \u00ean ku di heman dem\u00ea de ji xwendevanan re balk\u00ea\u015fiya d\u00eetbar\u00ee \u00fb hestyar\u00ee j\u00ee hene, radigih\u00eenin.   <\/p>\n\t\t\t\t\t<\/div>\n\t\t\t\t\t\t<\/div>\n\t\t\t\t<\/div>\n\t\t\t\t<div class=\"elementor-element elementor-element-a3ffbca elementor-widget elementor-widget-wd_button\" data-id=\"a3ffbca\" data-element_type=\"widget\" data-widget_type=\"wd_button.default\">\n\t\t\t\t<div class=\"elementor-widget-container\">\n\t\t\t\t\t\t\t<div class=\"wd-button-wrapper text-left wd-collapsible-button\" >\n\t\t\t<a class=\"btn btn-style-default btn-shape-semi-round btn-size-small btn-icon-pos-right\"  href=\"#\">\n\t\t\t\t<span class=\"wd-btn-text\" data-elementor-setting-key=\"text\">\n\t\t\t\t\tRead More\t\t\t\t<\/span>\n\n\t\t\t\t\t\t\t\t\t<span class=\"wd-btn-icon\">\n\t\t\t\t\t\t<img loading=\"lazy\" decoding=\"async\"  src=\"https:\/\/alroaiya-td.com\/wp-content\/uploads\/2023\/01\/chevron-down-black.svg\" title=\"chevron-down-black\" loading=\"lazy\" width=\"14\" height=\"14\">\t\t\t\t\t<\/span>\n\t\t\t\t\t\t\t<\/a>\n\t\t<\/div>\n\t\t\t\t\t\t<\/div>\n\t\t\t\t<\/div>\n\t\t\t\t\t<\/div>\n\t\t\t\t<\/div>\n\t\t\t\t\t<\/div>\n\t\t\t\t<\/div>\n\t\t\t\t<\/div>\n\t\t","protected":false},"excerpt":{"rendered":"<p>Serdana Firotgeh\u00ean Me bikin H\u00fbn dikarin ji me fermanek bist\u00eenin, gelek hilber\u00ean bi dak\u00ea\u015fan\u00ean b\u00eahempa bib\u00eenin, \u00fb her weha, heke<\/p>\n","protected":false},"author":1,"featured_media":0,"parent":0,"menu_order":0,"comment_status":"closed","ping_status":"closed","template":"","meta":{"footnotes":""},"class_list":["post-11302","page","type-page","status-publish","hentry"],"_links":{"self":[{"href":"https:\/\/alroaiya-td.com\/ku\/index.php\/wp-json\/wp\/v2\/pages\/11302","targetHints":{"allow":["GET"]}}],"collection":[{"href":"https:\/\/alroaiya-td.com\/ku\/index.php\/wp-json\/wp\/v2\/pages"}],"about":[{"href":"https:\/\/alroaiya-td.com\/ku\/index.php\/wp-json\/wp\/v2\/types\/page"}],"author":[{"embeddable":true,"href":"https:\/\/alroaiya-td.com\/ku\/index.php\/wp-json\/wp\/v2\/users\/1"}],"replies":[{"embeddable":true,"href":"https:\/\/alroaiya-td.com\/ku\/index.php\/wp-json\/wp\/v2\/comments?post=11302"}],"version-history":[{"count":1,"href":"https:\/\/alroaiya-td.com\/ku\/index.php\/wp-json\/wp\/v2\/pages\/11302\/revisions"}],"predecessor-version":[{"id":11305,"href":"https:\/\/alroaiya-td.com\/ku\/index.php\/wp-json\/wp\/v2\/pages\/11302\/revisions\/11305"}],"wp:attachment":[{"href":"https:\/\/alroaiya-td.com\/ku\/index.php\/wp-json\/wp\/v2\/media?parent=11302"}],"curies":[{"name":"wp","href":"https:\/\/api.w.org\/{rel}","templated":true}]}}