{"id":11193,"date":"2022-12-09T15:28:36","date_gmt":"2022-12-09T15:28:36","guid":{"rendered":"https:\/\/alroaiya-td.com\/index.php\/product\/amd-ryzen-5-5600x\/"},"modified":"2025-04-13T13:29:14","modified_gmt":"2025-04-13T13:29:14","slug":"amd-ryzen-5-5600x","status":"publish","type":"product","link":"https:\/\/alroaiya-td.com\/ku\/index.php\/product\/amd-ryzen-5-5600x\/","title":{"rendered":"AMD Ryzen 5 5600X"},"content":{"rendered":"\t\t<div data-elementor-type=\"wp-post\" data-elementor-id=\"11193\" class=\"elementor elementor-11193\">\n\t\t\t\t<div class=\"wd-negative-gap elementor-element elementor-element-462f47cf e-flex e-con-boxed e-con e-parent\" data-id=\"462f47cf\" data-element_type=\"container\">\n\t\t\t\t\t<div class=\"e-con-inner\">\n\t\t\t\t<div class=\"elementor-element elementor-element-50db259d elementor-widget elementor-widget-wd_image_or_svg\" data-id=\"50db259d\" data-element_type=\"widget\" data-widget_type=\"wd_image_or_svg.default\">\n\t\t\t\t<div class=\"elementor-widget-container\">\n\t\t\t\t\t\n\t\t<div class=\"wd-image text-center\">\n\t\t\t\t\t\t\t\t<img fetchpriority=\"high\" decoding=\"async\" width=\"780\" height=\"440\" src=\"https:\/\/alroaiya-td.com\/wp-content\/uploads\/2022\/12\/rtx-4090-1-opt.jpg\" class=\"attachment-full size-full\" alt=\"\" \/>\t\t\t\t\t<\/div>\n\n\t\t\t\t\t\t<\/div>\n\t\t\t\t<\/div>\n\t\t\t\t<div class=\"elementor-element elementor-element-49ffff92 elementor-widget elementor-widget-wd_text_block\" data-id=\"49ffff92\" data-element_type=\"widget\" data-widget_type=\"wd_text_block.default\">\n\t\t\t\t<div class=\"elementor-widget-container\">\n\t\t\t\t\t\t\t<div class=\"wd-text-block reset-last-child text-left\">\n\t\t\t\n\t\t\t<p>Big Oxmox \u015f\u00eeret l\u00ea kir ku wiya neke, ji ber ku bi hezaran Commay\u00ean xerab, N\u00ee\u015fan\u00ean Pirs\u00ean hov \u00fb Semikoli y\u00ean devk\u00ee heb\u00fbn, l\u00ea Niv\u00eesara Kor\u00ea Bi\u00e7\u00fbk guh neda. W\u00ea heft versaliy\u00ean xwe pak kirin, ewiliya xwe xiste kember\u00ea \u00fb xwe da ser r\u00ea. Dema ku ew gih\u00ee\u015ft gir\u00ean yekem \u00ean \u00c7iyay\u00ean \u00cetal\u00ee, w\u00ea ner\u00eenek pa\u015f\u00een li ser asoya bajar\u00ea xwe Bookmarksgrove, serniv\u00eesa Gund\u00ea Alphabet \u00fb bin\u00ea riya xwe, R\u00eaya Xet\u00ea, d\u00eet. W\u00ea dem\u00ea pirseke retor\u00eek bi heybet li ser \u00e7onga w\u00ea ket <\/p>\n\t\t\t\t\t<\/div>\n\t\t\t\t\t\t<\/div>\n\t\t\t\t<\/div>\n\t\t<div class=\"elementor-element elementor-element-2d5e1aa4 e-con-full e-flex e-con e-child\" data-id=\"2d5e1aa4\" data-element_type=\"container\">\n\t\t\t\t<div class=\"elementor-element elementor-element-187a66d1 elementor-widget__width-initial elementor-widget elementor-widget-wd_infobox\" data-id=\"187a66d1\" data-element_type=\"widget\" data-widget_type=\"wd_infobox.default\">\n\t\t\t\t<div class=\"elementor-widget-container\">\n\t\t\t\t\t\t\t<div class=\"info-box-wrapper\">\n\t\t\t<div class=\"wd-info-box text-center box-icon-align-top box-style-base color-scheme-\">\n\t\t\t\t\t\t\t\t\t<div class=\"box-icon-wrapper  box-with-text text-size-small box-icon-simple\">\n\t\t\t\t\t\t<div class=\"info-box-icon\">\n\t\t\t\t\t\t\t\t\t\t\t\t\t\t\tX2\t\t\t\t\t\t\t\t\t\t\t\t\t<\/div>\n\t\t\t\t\t<\/div>\n\t\t\t\t\n\t\t\t\t<div class=\"info-box-content\">\n\t\t\t\t\t\n\t\t\t\t\t\t\t\t\t\t\t<h4\t\t\t\t\t\tclass=\"info-box-title title box-title-style-default wd-fontsize-m\" data-elementor-setting-key=\"title\">\n\t\t\t\t\t\t\t\tLeztir\t\t\t\t\t\t<\/h4>\n\t\t\t\t\t\n\t\t\t\t\t<div class=\"info-box-inner reset-last-child\"data-elementor-setting-key=\"content\"><\/div>\n\n\t\t\t\t\t\t\t\t\t<\/div>\n\n\t\t\t\t\t\t\t<\/div>\n\t\t<\/div>\n\t\t\t\t\t\t<\/div>\n\t\t\t\t<\/div>\n\t\t\t\t<div class=\"elementor-element elementor-element-6dab3842 elementor-widget__width-initial elementor-widget elementor-widget-wd_infobox\" data-id=\"6dab3842\" data-element_type=\"widget\" data-widget_type=\"wd_infobox.default\">\n\t\t\t\t<div class=\"elementor-widget-container\">\n\t\t\t\t\t\t\t<div class=\"info-box-wrapper\">\n\t\t\t<div class=\"wd-info-box text-center box-icon-align-top box-style-base color-scheme-\">\n\t\t\t\t\t\t\t\t\t<div class=\"box-icon-wrapper  box-with-text text-size-small box-icon-simple\">\n\t\t\t\t\t\t<div class=\"info-box-icon\">\n\t\t\t\t\t\t\t\t\t\t\t\t\t\t\t4K\t\t\t\t\t\t\t\t\t\t\t\t\t<\/div>\n\t\t\t\t\t<\/div>\n\t\t\t\t\n\t\t\t\t<div class=\"info-box-content\">\n\t\t\t\t\t\n\t\t\t\t\t\t\t\t\t\t\t<h4\t\t\t\t\t\tclass=\"info-box-title title box-title-style-default wd-fontsize-m\" data-elementor-setting-key=\"title\">\n\t\t\t\t\t\t\t\tPerformansa mezin\t\t\t\t\t\t<\/h4>\n\t\t\t\t\t\n\t\t\t\t\t<div class=\"info-box-inner reset-last-child\"data-elementor-setting-key=\"content\"><\/div>\n\n\t\t\t\t\t\t\t\t\t<\/div>\n\n\t\t\t\t\t\t\t<\/div>\n\t\t<\/div>\n\t\t\t\t\t\t<\/div>\n\t\t\t\t<\/div>\n\t\t\t\t<\/div>\n\t\t\t\t<div class=\"elementor-element elementor-element-6e0c7995 elementor-widget elementor-widget-wd_image_or_svg\" data-id=\"6e0c7995\" data-element_type=\"widget\" data-widget_type=\"wd_image_or_svg.default\">\n\t\t\t\t<div class=\"elementor-widget-container\">\n\t\t\t\t\t\n\t\t<div class=\"wd-image text-center\">\n\t\t\t\t\t\t\t\t<img decoding=\"async\" width=\"780\" height=\"220\" src=\"https:\/\/alroaiya-td.com\/wp-content\/uploads\/2022\/12\/rtx-4090-2.jpg\" class=\"attachment-full size-full\" alt=\"\" \/>\t\t\t\t\t<\/div>\n\n\t\t\t\t\t\t<\/div>\n\t\t\t\t<\/div>\n\t\t\t\t<div class=\"elementor-element elementor-element-3ac1cf38 elementor-widget elementor-widget-wd_text_block\" data-id=\"3ac1cf38\" data-element_type=\"widget\" data-widget_type=\"wd_text_block.default\">\n\t\t\t\t<div class=\"elementor-widget-container\">\n\t\t\t\t\t\t\t<div class=\"wd-text-block reset-last-child text-left\">\n\t\t\t\n\t\t\t<p>Big Oxmox \u015f\u00eeret l\u00ea kir ku wiya neke, ji ber ku bi hezaran Commay\u00ean xerab, N\u00ee\u015fan\u00ean Pirs\u00ean hov \u00fb Semikoli y\u00ean devk\u00ee heb\u00fbn, l\u00ea Niv\u00eesara Kor\u00ea Bi\u00e7\u00fbk guh neda. W\u00ea heft versaliy\u00ean xwe pak kirin, ewiliya xwe xiste kember\u00ea \u00fb xwe da ser r\u00ea. Dema ku ew gih\u00ee\u015ft gir\u00ean yekem \u00ean \u00c7iyay\u00ean \u00cetal\u00ee, w\u00ea ner\u00eenek pa\u015f\u00een li ser asoya bajar\u00ea xwe Bookmarksgrove, serniv\u00eesa Gund\u00ea Alphabet \u00fb bin\u00ea riya xwe, R\u00eaya Xet\u00ea, d\u00eet. W\u00ea dem\u00ea pirseke retor\u00eek bi heybet li ser \u00e7onga w\u00ea ket <\/p>\n\t\t\t\t\t<\/div>\n\t\t\t\t\t\t<\/div>\n\t\t\t\t<\/div>\n\t\t\t\t\t<\/div>\n\t\t\t\t<\/div>\n\t\t<div class=\"wd-negative-gap elementor-element elementor-element-4d95afb6 e-flex e-con-boxed e-con e-parent\" data-id=\"4d95afb6\" data-element_type=\"container\" data-settings=\"{&quot;background_background&quot;:&quot;classic&quot;}\">\n\t\t\t\t\t<div class=\"e-con-inner\">\n\t\t<div class=\"wd-negative-gap elementor-element elementor-element-126a5b35 e-flex e-con-boxed e-con e-child\" data-id=\"126a5b35\" data-element_type=\"container\">\n\t\t\t\t\t<div class=\"e-con-inner\">\n\t\t<div class=\"elementor-element elementor-element-78576e2c e-con-full e-flex e-con e-child\" data-id=\"78576e2c\" data-element_type=\"container\">\n\t\t\t\t<div class=\"elementor-element elementor-element-4032978 elementor-widget elementor-widget-wd_infobox\" data-id=\"4032978\" data-element_type=\"widget\" data-widget_type=\"wd_infobox.default\">\n\t\t\t\t<div class=\"elementor-widget-container\">\n\t\t\t\t\t\t\t<div class=\"info-box-wrapper\">\n\t\t\t<div class=\"wd-info-box text-left box-icon-align-left box-style-base color-scheme-light wd-items-top\">\n\t\t\t\t\t\t\t\t\t<div class=\"box-icon-wrapper  box-with-icon box-icon-simple\">\n\t\t\t\t\t\t<div class=\"info-box-icon\">\n\t\t\t\t\t\t\t\t\t\t\t\t\t\t\t<div class=\"info-svg-wrapper\" style=\"width:32px; height:32px;\"><img loading=\"lazy\" decoding=\"async\"  src=\"https:\/\/alroaiya-td.com\/wp-content\/uploads\/2022\/12\/rtx-4090-icon-1.svg\" title=\"rtx-4090-icon-1\" loading=\"lazy\" width=\"32\" height=\"32\"><\/div>\t\t\t\t\t\t\t\t\t\t\t\t\t<\/div>\n\t\t\t\t\t<\/div>\n\t\t\t\t\n\t\t\t\t<div class=\"info-box-content\">\n\t\t\t\t\t\n\t\t\t\t\t\t\t\t\t\t\t<h4\t\t\t\t\t\tclass=\"info-box-title title box-title-style-default wd-fontsize-m\" data-elementor-setting-key=\"title\">\n\t\t\t\t\t\t\t\tCutting-Edge GPUs\t\t\t\t\t\t<\/h4>\n\t\t\t\t\t\n\t\t\t\t\t<div class=\"info-box-inner reset-last-child\"data-elementor-setting-key=\"content\"><p>NVIDIA Ada Lovelace Architecture<\/p>\n<\/div>\n\n\t\t\t\t\t\t\t\t\t<\/div>\n\n\t\t\t\t\t\t\t<\/div>\n\t\t<\/div>\n\t\t\t\t\t\t<\/div>\n\t\t\t\t<\/div>\n\t\t\t\t<div class=\"elementor-element elementor-element-2d373172 elementor-widget elementor-widget-wd_infobox\" data-id=\"2d373172\" data-element_type=\"widget\" data-widget_type=\"wd_infobox.default\">\n\t\t\t\t<div class=\"elementor-widget-container\">\n\t\t\t\t\t\t\t<div class=\"info-box-wrapper\">\n\t\t\t<div class=\"wd-info-box text-left box-icon-align-left box-style-base color-scheme-light wd-items-top\">\n\t\t\t\t\t\t\t\t\t<div class=\"box-icon-wrapper  box-with-icon box-icon-simple\">\n\t\t\t\t\t\t<div class=\"info-box-icon\">\n\t\t\t\t\t\t\t\t\t\t\t\t\t\t\t<div class=\"info-svg-wrapper\" style=\"width:32px; height:32px;\"><img loading=\"lazy\" decoding=\"async\"  src=\"https:\/\/alroaiya-td.com\/wp-content\/uploads\/2022\/12\/rtx-4090-icon-2.svg\" title=\"rtx-4090-icon-2\" loading=\"lazy\" width=\"32\" height=\"32\"><\/div>\t\t\t\t\t\t\t\t\t\t\t\t\t<\/div>\n\t\t\t\t\t<\/div>\n\t\t\t\t\n\t\t\t\t<div class=\"info-box-content\">\n\t\t\t\t\t\n\t\t\t\t\t\t\t\t\t\t\t<h4\t\t\t\t\t\tclass=\"info-box-title title box-title-style-default wd-fontsize-m\" data-elementor-setting-key=\"title\">\n\t\t\t\t\t\t\t\tGraf\u00eek\u00ean Immersive\t\t\t\t\t\t<\/h4>\n\t\t\t\t\t\n\t\t\t\t\t<div class=\"info-box-inner reset-last-child\"data-elementor-setting-key=\"content\"><p>Dedicated Ray Tracing Cores<\/p>\n<\/div>\n\n\t\t\t\t\t\t\t\t\t<\/div>\n\n\t\t\t\t\t\t\t<\/div>\n\t\t<\/div>\n\t\t\t\t\t\t<\/div>\n\t\t\t\t<\/div>\n\t\t\t\t<div class=\"elementor-element elementor-element-6dc6c234 elementor-widget elementor-widget-wd_infobox\" data-id=\"6dc6c234\" data-element_type=\"widget\" data-widget_type=\"wd_infobox.default\">\n\t\t\t\t<div class=\"elementor-widget-container\">\n\t\t\t\t\t\t\t<div class=\"info-box-wrapper\">\n\t\t\t<div class=\"wd-info-box text-left box-icon-align-left box-style-base color-scheme-light wd-items-top\">\n\t\t\t\t\t\t\t\t\t<div class=\"box-icon-wrapper  box-with-icon box-icon-simple\">\n\t\t\t\t\t\t<div class=\"info-box-icon\">\n\t\t\t\t\t\t\t\t\t\t\t\t\t\t\t<div class=\"info-svg-wrapper\" style=\"width:32px; height:32px;\"><img loading=\"lazy\" decoding=\"async\"  src=\"https:\/\/alroaiya-td.com\/wp-content\/uploads\/2022\/12\/rtx-4090-icon-3.svg\" title=\"rtx-4090-icon-3\" loading=\"lazy\" width=\"32\" height=\"32\"><\/div>\t\t\t\t\t\t\t\t\t\t\t\t\t<\/div>\n\t\t\t\t\t<\/div>\n\t\t\t\t\n\t\t\t\t<div class=\"info-box-content\">\n\t\t\t\t\t\n\t\t\t\t\t\t\t\t\t\t\t<h4\t\t\t\t\t\tclass=\"info-box-title title box-title-style-default wd-fontsize-m\" data-elementor-setting-key=\"title\">\n\t\t\t\t\t\t\t\tAI-Performansa Lezkir\u00ee\t\t\t\t\t\t<\/h4>\n\t\t\t\t\t\n\t\t\t\t\t<div class=\"info-box-inner reset-last-child\"data-elementor-setting-key=\"content\"><p>NVIDIA DLSS 3<\/p>\n<\/div>\n\n\t\t\t\t\t\t\t\t\t<\/div>\n\n\t\t\t\t\t\t\t<\/div>\n\t\t<\/div>\n\t\t\t\t\t\t<\/div>\n\t\t\t\t<\/div>\n\t\t\t\t<\/div>\n\t\t<div class=\"elementor-element elementor-element-5e152829 e-con-full e-flex e-con e-child\" data-id=\"5e152829\" data-element_type=\"container\">\n\t\t\t\t<div class=\"elementor-element elementor-element-119d6418 elementor-widget elementor-widget-wd_image_or_svg\" data-id=\"119d6418\" data-element_type=\"widget\" data-widget_type=\"wd_image_or_svg.default\">\n\t\t\t\t<div class=\"elementor-widget-container\">\n\t\t\t\t\t\n\t\t<div class=\"wd-image text-center\">\n\t\t\t\t\t\t\t\t<img decoding=\"async\" width=\"440\" height=\"275\" src=\"https:\/\/alroaiya-td.com\/wp-content\/uploads\/2022\/12\/rtx-4090-3.jpg\" class=\"attachment-full size-full\" alt=\"\" \/>\t\t\t\t\t<\/div>\n\n\t\t\t\t\t\t<\/div>\n\t\t\t\t<\/div>\n\t\t\t\t<\/div>\n\t\t\t\t\t<\/div>\n\t\t\t\t<\/div>\n\t\t\t\t<div class=\"elementor-element elementor-element-7f135fa6 elementor-widget__width-auto wd-width-100 elementor-widget elementor-widget-wd_title\" data-id=\"7f135fa6\" data-element_type=\"widget\" data-widget_type=\"wd_title.default\">\n\t\t\t\t<div class=\"elementor-widget-container\">\n\t\t\t\t\t\t\t<div class=\"title-wrapper wd-set-mb reset-last-child wd-title-color-white wd-title-style-default wd-title-size-default text-center\">\n\n\t\t\t\n\t\t\t<div class=\"liner-continer\">\n\t\t\t\t<h4 class=\"woodmart-title-container title wd-fontsize-l\">Bir\u00eavebirin\u00ee<\/h4> \n\t\t\t\t\t\t\t<\/div>\n\n\t\t\t\t\t<\/div>\n\t\t\t\t\t\t<\/div>\n\t\t\t\t<\/div>\n\t\t\t\t<div class=\"elementor-element elementor-element-3d7e5917 elementor-widget elementor-widget-wd_image_or_svg\" data-id=\"3d7e5917\" data-element_type=\"widget\" data-widget_type=\"wd_image_or_svg.default\">\n\t\t\t\t<div class=\"elementor-widget-container\">\n\t\t\t\t\t\n\t\t<div class=\"wd-image text-center\">\n\t\t\t\t\t\t\t\t<img loading=\"lazy\" decoding=\"async\" width=\"780\" height=\"240\" src=\"https:\/\/alroaiya-td.com\/wp-content\/uploads\/2022\/12\/rtx-4090-4.jpg\" class=\"attachment-full size-full\" alt=\"\" \/>\t\t\t\t\t<\/div>\n\n\t\t\t\t\t\t<\/div>\n\t\t\t\t<\/div>\n\t\t\t\t\t<\/div>\n\t\t\t\t<\/div>\n\t\t<div class=\"wd-negative-gap elementor-element elementor-element-78a85ffa e-flex e-con-boxed e-con e-parent\" data-id=\"78a85ffa\" data-element_type=\"container\">\n\t\t\t\t\t<div class=\"e-con-inner\">\n\t\t\t\t<div class=\"elementor-element elementor-element-67db0218 wd-width-100 elementor-widget elementor-widget-wd_title\" data-id=\"67db0218\" data-element_type=\"widget\" data-widget_type=\"wd_title.default\">\n\t\t\t\t<div class=\"elementor-widget-container\">\n\t\t\t\t\t\t\t<div class=\"title-wrapper wd-set-mb reset-last-child wd-title-color-default wd-title-style-default wd-title-size-small text-left\">\n\n\t\t\t\n\t\t\t<div class=\"liner-continer\">\n\t\t\t\t<h4 class=\"woodmart-title-container title wd-fontsize-m\">Bibih\u00eezin \u00fb bibih\u00eezin<\/h4> \n\t\t\t\t\t\t\t<\/div>\n\n\t\t\t\t\t<\/div>\n\t\t\t\t\t\t<\/div>\n\t\t\t\t<\/div>\n\t\t\t\t<div class=\"elementor-element elementor-element-10b8d4ad elementor-widget elementor-widget-wd_text_block\" data-id=\"10b8d4ad\" data-element_type=\"widget\" data-widget_type=\"wd_text_block.default\">\n\t\t\t\t<div class=\"elementor-widget-container\">\n\t\t\t\t\t\t\t<div class=\"wd-text-block reset-last-child text-left\">\n\t\t\t\n\t\t\t<p>Nusxey\u00ea Niv\u00eesara Kor\u00ea Bi\u00e7\u00fbk hi\u015fyar kir, ku ew ji ku der\u00ea hat\u00ee, d\u00ea hezar car\u00ee ji n\u00fb ve were niv\u00eesandin \u00fb her ti\u015ft\u00ea ku ji esl\u00ea xwe maye d\u00ea bibe peyva \"\u00fb\" \u00fb Niv\u00eesara Kor\u00ea Bi\u00e7\u00fbk li dora xwe bizivire \u00fb vegere welat\u00ea xwe, y\u00ea ewle. L\u00ea ti\u015ftek\u00ee ku nusxeya got\u00ee nikarib\u00fb w\u00ea raz\u00ee bike \u00fb ji ber v\u00ea yek\u00ea pir ne\u00e7\u00fb heta ku \u00e7end Kopniv\u00eeskar\u00ean xap\u00eenok ketin kem\u00een\u00ea, ew bi Longe \u00fb Parole serxwe\u015f kirin \u00fb ew ki\u015fandin nav ajansa xwe, li wir d\u00eesa \u00fb d\u00eesa ji bo projey\u00ean xwe destdir\u00eaj\u00ee li w\u00ea kirin. \u00db heke ew ji n\u00fb ve nehatibe niv\u00eesandin, w\u00ea hing\u00ea ew h\u00een j\u00ee w\u00ea bikar t\u00eenin. D\u00fbr d\u00fbr, li pa\u015f peyva \u00e7iyayan, d\u00fbr\u00ee welatan. <\/p>\n\t\t\t\t\t<\/div>\n\t\t\t\t\t\t<\/div>\n\t\t\t\t<\/div>\n\t\t<div class=\"elementor-element elementor-element-1cadbc09 e-con-full e-flex e-con e-child\" data-id=\"1cadbc09\" data-element_type=\"container\">\n\t\t<div class=\"elementor-element elementor-element-5f167922 e-con-full e-flex e-con e-child\" data-id=\"5f167922\" data-element_type=\"container\">\n\t\t\t\t<div class=\"elementor-element elementor-element-73e90f1a elementor-widget elementor-widget-wd_image_or_svg\" data-id=\"73e90f1a\" data-element_type=\"widget\" data-widget_type=\"wd_image_or_svg.default\">\n\t\t\t\t<div class=\"elementor-widget-container\">\n\t\t\t\t\t\n\t\t<div class=\"wd-image text-center\">\n\t\t\t\t\t\t\t\t<img loading=\"lazy\" decoding=\"async\" width=\"440\" height=\"280\" src=\"https:\/\/alroaiya-td.com\/wp-content\/uploads\/2022\/12\/rtx-4090-5.jpg\" class=\"attachment-full size-full\" alt=\"\" \/>\t\t\t\t\t<\/div>\n\n\t\t\t\t\t\t<\/div>\n\t\t\t\t<\/div>\n\t\t\t\t<\/div>\n\t\t<div class=\"elementor-element elementor-element-2cb24a5e e-con-full e-flex e-con e-child\" data-id=\"2cb24a5e\" data-element_type=\"container\">\n\t\t\t\t<div class=\"elementor-element elementor-element-31996898 elementor-widget elementor-widget-wd_text_block\" data-id=\"31996898\" data-element_type=\"widget\" data-widget_type=\"wd_text_block.default\">\n\t\t\t\t<div class=\"elementor-widget-container\">\n\t\t\t\t\t\t\t<div class=\"wd-text-block reset-last-child text-left\">\n\t\t\t\n\t\t\t<p>Lorem ipsum dolor sit amet, consectetur adipiscing elit. Ut elit tellus, luctus nec ullamcorper mattis, pulvinar dapibus leo.  Dema ku ew gih\u00ee\u015ft gir\u00ean yekem \u00ean \u00c7iyay\u00ean \u00cetal\u00ee, w\u00ea ner\u00eenek pa\u015f\u00een li ser asoya bajar\u00ea xwe Bookmarksgrove, serniv\u00eesa Gund\u00ea Alphabet \u00fb bin\u00ea riya xwe, R\u00eaya Xet\u00ea, d\u00eet. Pir mixabin pirseke retor\u00eek\u00ee li ser \u00e7enga w\u00ea ket, pa\u015f\u00ea riya xwe domand. Di r\u00ea de w\u00ea kopiyek d\u00eet. <\/p>\n\t\t\t\t\t<\/div>\n\t\t\t\t\t\t<\/div>\n\t\t\t\t<\/div>\n\t\t\t\t<\/div>\n\t\t\t\t<\/div>\n\t\t\t\t\t<\/div>\n\t\t\t\t<\/div>\n\t\t\t\t<\/div>\n\t\t","protected":false},"excerpt":{"rendered":"<p>Big Oxmox \u015f\u00eeret l\u00ea kir ku wiya neke, ji ber ku bi hezaran Commay\u00ean xerab, N\u00ee\u015fan\u00ean Pirs\u00ean hov \u00fb Semikoli<\/p>\n","protected":false},"featured_media":10897,"comment_status":"open","ping_status":"closed","template":"","meta":[],"product_brand":[108],"product_cat":[145],"product_tag":[],"class_list":{"0":"post-11193","1":"product","2":"type-product","3":"status-publish","4":"has-post-thumbnail","6":"product_brand-hp","7":"product_cat-processors-ku","9":"first","10":"instock","11":"shipping-taxable","12":"purchasable","13":"product-type-simple"},"_links":{"self":[{"href":"https:\/\/alroaiya-td.com\/ku\/index.php\/wp-json\/wp\/v2\/product\/11193","targetHints":{"allow":["GET"]}}],"collection":[{"href":"https:\/\/alroaiya-td.com\/ku\/index.php\/wp-json\/wp\/v2\/product"}],"about":[{"href":"https:\/\/alroaiya-td.com\/ku\/index.php\/wp-json\/wp\/v2\/types\/product"}],"replies":[{"embeddable":true,"href":"https:\/\/alroaiya-td.com\/ku\/index.php\/wp-json\/wp\/v2\/comments?post=11193"}],"version-history":[{"count":1,"href":"https:\/\/alroaiya-td.com\/ku\/index.php\/wp-json\/wp\/v2\/product\/11193\/revisions"}],"predecessor-version":[{"id":11195,"href":"https:\/\/alroaiya-td.com\/ku\/index.php\/wp-json\/wp\/v2\/product\/11193\/revisions\/11195"}],"wp:featuredmedia":[{"embeddable":true,"href":"https:\/\/alroaiya-td.com\/ku\/index.php\/wp-json\/wp\/v2\/media\/10897"}],"wp:attachment":[{"href":"https:\/\/alroaiya-td.com\/ku\/index.php\/wp-json\/wp\/v2\/media?parent=11193"}],"wp:term":[{"taxonomy":"product_brand","embeddable":true,"href":"https:\/\/alroaiya-td.com\/ku\/index.php\/wp-json\/wp\/v2\/product_brand?post=11193"},{"taxonomy":"product_cat","embeddable":true,"href":"https:\/\/alroaiya-td.com\/ku\/index.php\/wp-json\/wp\/v2\/product_cat?post=11193"},{"taxonomy":"product_tag","embeddable":true,"href":"https:\/\/alroaiya-td.com\/ku\/index.php\/wp-json\/wp\/v2\/product_tag?post=11193"}],"curies":[{"name":"wp","href":"https:\/\/api.w.org\/{rel}","templated":true}]}}