{"id":11223,"date":"2022-12-09T14:20:13","date_gmt":"2022-12-09T14:20:13","guid":{"rendered":"https:\/\/alroaiya-td.com\/index.php\/product\/aoc-u32u1\/"},"modified":"2025-04-13T13:30:00","modified_gmt":"2025-04-13T13:30:00","slug":"aoc-u32u1","status":"publish","type":"product","link":"https:\/\/alroaiya-td.com\/ku\/index.php\/product\/aoc-u32u1\/","title":{"rendered":"AOC U32U1"},"content":{"rendered":"\t\t<div data-elementor-type=\"wp-post\" data-elementor-id=\"11223\" class=\"elementor elementor-11223\">\n\t\t\t\t<div class=\"wd-negative-gap elementor-element elementor-element-17a61e98 e-flex e-con-boxed e-con e-parent\" data-id=\"17a61e98\" data-element_type=\"container\">\n\t\t\t\t\t<div class=\"e-con-inner\">\n\t\t\t\t<div class=\"elementor-element elementor-element-33e58fc3 wd-width-100 elementor-widget elementor-widget-wd_title\" data-id=\"33e58fc3\" data-element_type=\"widget\" data-widget_type=\"wd_title.default\">\n\t\t\t\t<div class=\"elementor-widget-container\">\n\t\t\t\t\t\t\t<div class=\"title-wrapper wd-set-mb reset-last-child wd-title-color-default wd-title-style-default wd-title-size-default text-center\">\n\n\t\t\t\n\t\t\t<div class=\"liner-continer\">\n\t\t\t\t<h4 class=\"woodmart-title-container title wd-fontsize-l\">Logitech G735<\/h4> \n\t\t\t\t\t\t\t<\/div>\n\n\t\t\t\t\t\t\t<div class=\"title-after_title reset-last-child wd-fontsize-xs\">\n\t\t\t\t\t<p>Performansa fenomenal ji bo pisporan<\/p>\t\t\t\t<\/div>\n\t\t\t\t\t<\/div>\n\t\t\t\t\t\t<\/div>\n\t\t\t\t<\/div>\n\t\t\t\t<div class=\"elementor-element elementor-element-213193c4 elementor-widget elementor-widget-wd_image_or_svg\" data-id=\"213193c4\" data-element_type=\"widget\" data-widget_type=\"wd_image_or_svg.default\">\n\t\t\t\t<div class=\"elementor-widget-container\">\n\t\t\t\t\t\n\t\t<div class=\"wd-image text-center\">\n\t\t\t\t\t\t\t\t<img fetchpriority=\"high\" decoding=\"async\" width=\"780\" height=\"400\" src=\"https:\/\/alroaiya-td.com\/wp-content\/uploads\/2022\/12\/logitech-g735-1.jpg\" class=\"attachment-full size-full\" alt=\"\" \/>\t\t\t\t\t<\/div>\n\n\t\t\t\t\t\t<\/div>\n\t\t\t\t<\/div>\n\t\t\t\t<div class=\"elementor-element elementor-element-1168affc elementor-widget elementor-widget-wd_text_block\" data-id=\"1168affc\" data-element_type=\"widget\" data-widget_type=\"wd_text_block.default\">\n\t\t\t\t<div class=\"elementor-widget-container\">\n\t\t\t\t\t\t\t<div class=\"wd-text-block reset-last-child text-center\">\n\t\t\t\n\t\t\t<p>\u00c7emek pi\u00e7\u00fbk bi nav\u00ea Duden li ber cih\u00ea wan diherike \u00fb regelialiaya p\u00eaw\u00eest j\u00ea re peyda dike. Ew welatek bihu\u015ft e, ku t\u00ea de be\u015f\u00ean sorkir\u00ee y\u00ean hevokan di dev\u00ea we de difirin.<\/p>\n\t\t\t\t\t<\/div>\n\t\t\t\t\t\t<\/div>\n\t\t\t\t<\/div>\n\t\t\t\t\t<\/div>\n\t\t\t\t<\/div>\n\t\t<div class=\"wd-negative-gap elementor-element elementor-element-103f2fae e-flex e-con-boxed e-con e-parent\" data-id=\"103f2fae\" data-element_type=\"container\">\n\t\t\t\t\t<div class=\"e-con-inner\">\n\t\t\t\t<div class=\"elementor-element elementor-element-73ea92e2 wd-width-100 elementor-widget elementor-widget-wd_title\" data-id=\"73ea92e2\" data-element_type=\"widget\" data-widget_type=\"wd_title.default\">\n\t\t\t\t<div class=\"elementor-widget-container\">\n\t\t\t\t\t\t\t<div class=\"title-wrapper wd-set-mb reset-last-child wd-title-color-default wd-title-style-default wd-title-size-small text-left\">\n\n\t\t\t\n\t\t\t<div class=\"liner-continer\">\n\t\t\t\t<h4 class=\"woodmart-title-container title wd-fontsize-m\">L\u00eestik-guhertina fit<\/h4> \n\t\t\t\t\t\t\t<\/div>\n\n\t\t\t\t\t<\/div>\n\t\t\t\t\t\t<\/div>\n\t\t\t\t<\/div>\n\t\t\t\t<div class=\"elementor-element elementor-element-57892650 elementor-widget elementor-widget-wd_text_block\" data-id=\"57892650\" data-element_type=\"widget\" data-widget_type=\"wd_text_block.default\">\n\t\t\t\t<div class=\"elementor-widget-container\">\n\t\t\t\t\t\t\t<div class=\"wd-text-block reset-last-child text-left\">\n\t\t\t\n\t\t\t<p>Big Oxmox \u015f\u00eeret l\u00ea kir ku wiya neke, ji ber ku bi hezaran Commay\u00ean xerab, N\u00ee\u015fan\u00ean Pirs\u00ean hov \u00fb Semikoli y\u00ean devk\u00ee heb\u00fbn, l\u00ea Niv\u00eesara Kor\u00ea Bi\u00e7\u00fbk guh neda. W\u00ea heft versaliy\u00ean xwe pak kirin, ewiliya xwe xiste kember\u00ea \u00fb xwe da ser r\u00ea. Dema ku ew gih\u00ee\u015ft gir\u00ean yekem \u00ean \u00c7iyay\u00ean \u00cetal\u00ee, w\u00ea ner\u00eenek pa\u015f\u00een li ser asoya bajar\u00ea xwe Bookmarksgrove, serniv\u00eesa Gund\u00ea Alphabet \u00fb bin\u00ea riya xwe, R\u00eaya Xet\u00ea, d\u00eet. W\u00ea dem\u00ea pirseke retor\u00eek\u00ee bi heybet li ser r\u00fbk\u00ea w\u00ea ket. <\/p>\n\t\t\t\t\t<\/div>\n\t\t\t\t\t\t<\/div>\n\t\t\t\t<\/div>\n\t\t\t\t<div class=\"elementor-element elementor-element-473bb3c3 elementor-widget elementor-widget-wd_infobox_carousel\" data-id=\"473bb3c3\" data-element_type=\"widget\" data-widget_type=\"wd_infobox_carousel.default\">\n\t\t\t\t<div class=\"elementor-widget-container\">\n\t\t\t\t\t\t\t<div class=\"wd-carousel-container info-box-carousel-wrapper\">\n\t\t\t<div class=\"wd-carousel-inner\">\n\t\t\t\t<div class=\"wd-carousel wd-grid info-box-carousel\" data-scroll_per_page=\"yes\" style=\"--wd-col-lg:3;--wd-col-md:2;--wd-col-sm:1;--wd-gap-lg:20px;--wd-gap-sm:10px;\">\n\t\t\t\t\t<div class=\"wd-carousel-wrap\">\n\t\t\t\t\t\t\t\t\t\t\t\t\t\t\t\t\t\t\t\t\t\t<div class=\"info-box-wrapper wd-carousel-item\">\n\t\t\t<div class=\"wd-info-box text-center box-icon-align-top box-style-bg-hover color-scheme-  elementor-repeater-item-4ef6345 color-scheme-hover-dark\">\n\t\t\t\t\t\t\t\t\t<div class=\"box-icon-wrapper  box-with-icon box-icon-simple\">\n\t\t\t\t\t\t<div class=\"info-box-icon\">\n\t\t\t\t\t\t\t\t\t\t\t\t\t\t\t<div class=\"info-svg-wrapper\" style=\"width:64px; height:64px;\"><img loading=\"lazy\"  loading=\"lazy\" width=\"64\" height=\"64\"><\/div>\t\t\t\t\t\t\t\t\t\t\t\t\t<\/div>\n\t\t\t\t\t<\/div>\n\t\t\t\t\n\t\t\t\t<div class=\"info-box-content\">\n\t\t\t\t\t\n\t\t\t\t\t\t\t\t\t\t\t<h4\t\t\t\t\t\tclass=\"info-box-title title box-title-style-default wd-fontsize-m\" data-elementor-setting-key=\"title\">\n\t\t\t\t\t\t\t\tF\u00earb\u00fbna b\u00eahempa\t\t\t\t\t\t<\/h4>\n\t\t\t\t\t\n\t\t\t\t\t<div class=\"info-box-inner reset-last-child\"data-elementor-setting-key=\"content\"><p>Rehetiya her\u00ee z\u00eade ji bo hem\u00ee l\u00eestikvanan mezinahiya pi\u00e7\u00fbktir e<\/p>\n<\/div>\n\n\t\t\t\t\t\t\t\t\t<\/div>\n\n\t\t\t\t\t\t\t<\/div>\n\t\t<\/div>\n\t\t\t\t\t\t\t\t\t\t\t\t\t\t\t\t\t\t\t\t\t\t\t\t<div class=\"info-box-wrapper wd-carousel-item\">\n\t\t\t<div class=\"wd-info-box text-center box-icon-align-top box-style-bg-hover color-scheme-  elementor-repeater-item-fccdcda color-scheme-hover-dark\">\n\t\t\t\t\t\t\t\t\t<div class=\"box-icon-wrapper  box-with-icon box-icon-simple\">\n\t\t\t\t\t\t<div class=\"info-box-icon\">\n\t\t\t\t\t\t\t\t\t\t\t\t\t\t\t<div class=\"info-svg-wrapper\" style=\"width:64px; height:64px;\"><img loading=\"lazy\"  loading=\"lazy\" width=\"64\" height=\"64\"><\/div>\t\t\t\t\t\t\t\t\t\t\t\t\t<\/div>\n\t\t\t\t\t<\/div>\n\t\t\t\t\n\t\t\t\t<div class=\"info-box-content\">\n\t\t\t\t\t\n\t\t\t\t\t\t\t\t\t\t\t<h4\t\t\t\t\t\tclass=\"info-box-title title box-title-style-default wd-fontsize-m\" data-elementor-setting-key=\"title\">\n\t\t\t\t\t\t\t\tJi xwe re bikin\t\t\t\t\t\t<\/h4>\n\t\t\t\t\t\n\t\t\t\t\t<div class=\"info-box-inner reset-last-child\"data-elementor-setting-key=\"content\"><p>Bi reng\u00ean xwer\u00fb \u00fb am\u00fbr\u00ean r\u00eaxistin\u00ea<\/p>\n<\/div>\n\n\t\t\t\t\t\t\t\t\t<\/div>\n\n\t\t\t\t\t\t\t<\/div>\n\t\t<\/div>\n\t\t\t\t\t\t\t\t\t\t\t\t\t\t\t\t\t\t\t\t\t\t\t\t<div class=\"info-box-wrapper wd-carousel-item\">\n\t\t\t<div class=\"wd-info-box text-center box-icon-align-top box-style-bg-hover color-scheme-  elementor-repeater-item-aabef88 color-scheme-hover-dark\">\n\t\t\t\t\t\t\t\t\t<div class=\"box-icon-wrapper  box-with-icon box-icon-simple\">\n\t\t\t\t\t\t<div class=\"info-box-icon\">\n\t\t\t\t\t\t\t\t\t\t\t\t\t\t\t<div class=\"info-svg-wrapper\" style=\"width:64px; height:64px;\"><img loading=\"lazy\"  loading=\"lazy\" width=\"64\" height=\"64\"><\/div>\t\t\t\t\t\t\t\t\t\t\t\t\t<\/div>\n\t\t\t\t\t<\/div>\n\t\t\t\t\n\t\t\t\t<div class=\"info-box-content\">\n\t\t\t\t\t\n\t\t\t\t\t\t\t\t\t\t\t<h4\t\t\t\t\t\tclass=\"info-box-title title box-title-style-default wd-fontsize-m\" data-elementor-setting-key=\"title\">\n\t\t\t\t\t\t\t\tWireless\t\t\t\t\t\t<\/h4>\n\t\t\t\t\t\n\t\t\t\t\t<div class=\"info-box-inner reset-last-child\"data-elementor-setting-key=\"content\"><p>Leza ronahiy\u00ea \u00fb rehetiya her\u00ee z\u00eade ya bluetooth ji bo we<\/p>\n<\/div>\n\n\t\t\t\t\t\t\t\t\t<\/div>\n\n\t\t\t\t\t\t\t<\/div>\n\t\t<\/div>\n\t\t\t\t\t\t\t\t\t\t\t\t\t<\/div>\n\t\t\t\t<\/div>\n\n\t\t\t\t\t\t\t\t\t\t\t<div class=\"wd-nav-arrows wd-pos-sep wd-hover-1 wd-icon-1\">\n\t\t\t<div class=\"wd-btn-arrow wd-prev wd-disabled\">\n\t\t\t\t<div class=\"wd-arrow-inner\"><\/div>\n\t\t\t<\/div>\n\t\t\t<div class=\"wd-btn-arrow wd-next\">\n\t\t\t\t<div class=\"wd-arrow-inner\"><\/div>\n\t\t\t<\/div>\n\t\t<\/div>\n\t\t\t\t\t\t\t\t\t<\/div>\n\n\t\t\t\t\t\t\t\t<\/div>\n\t\t\t\t\t\t<\/div>\n\t\t\t\t<\/div>\n\t\t\t\t\t<\/div>\n\t\t\t\t<\/div>\n\t\t<div class=\"wd-negative-gap elementor-element elementor-element-3d9d2623 e-flex e-con-boxed e-con e-parent\" data-id=\"3d9d2623\" data-element_type=\"container\">\n\t\t\t\t\t<div class=\"e-con-inner\">\n\t\t\t\t<div class=\"elementor-element elementor-element-6c98d7bd wd-width-100 elementor-widget elementor-widget-wd_title\" data-id=\"6c98d7bd\" data-element_type=\"widget\" data-widget_type=\"wd_title.default\">\n\t\t\t\t<div class=\"elementor-widget-container\">\n\t\t\t\t\t\t\t<div class=\"title-wrapper wd-set-mb reset-last-child wd-title-color-default wd-title-style-default wd-title-size-small text-left\">\n\n\t\t\t\n\t\t\t<div class=\"liner-continer\">\n\t\t\t\t<h4 class=\"woodmart-title-container title wd-fontsize-m\">Bibih\u00eezin \u00fb bibih\u00eezin<\/h4> \n\t\t\t\t\t\t\t<\/div>\n\n\t\t\t\t\t<\/div>\n\t\t\t\t\t\t<\/div>\n\t\t\t\t<\/div>\n\t\t\t\t<div class=\"elementor-element elementor-element-67e527fd elementor-widget elementor-widget-wd_text_block\" data-id=\"67e527fd\" data-element_type=\"widget\" data-widget_type=\"wd_text_block.default\">\n\t\t\t\t<div class=\"elementor-widget-container\">\n\t\t\t\t\t\t\t<div class=\"wd-text-block reset-last-child text-left\">\n\t\t\t\n\t\t\t<p>Niv\u00eesa Kor\u00ea Bi\u00e7\u00fbk hi\u015fyar kir, ku ew ji ku der\u00ea hat\u00ee, d\u00ea hezar car\u00ee ji n\u00fb ve were niv\u00eesandin \u00fb her ti\u015ft\u00ea ku ji esl\u00ea xwe maye d\u00ea bibe peyva \"\u00fb\" \u00fb Niv\u00eesa Kor\u00ea Pi\u00e7\u00fbk li dora xwe bizivire \u00fb vegere welat\u00ea xwe \u00fb ewle. L\u00ea ti\u015ftek\u00ee ku nusxeya got\u00ee nikarib\u00fb w\u00ea raz\u00ee bike \u00fb ji ber v\u00ea yek\u00ea pir ne\u00e7\u00fb heta ku \u00e7end Kopniv\u00eeskar\u00ean xap\u00eenok ketin kem\u00een\u00ea, ew bi Longe \u00fb Parole serxwe\u015f kirin \u00fb ew ki\u015fandin nav ajansa xwe, li wir d\u00eesa \u00fb d\u00eesa ji bo projey\u00ean xwe destdir\u00eaj\u00ee li w\u00ea kirin. <\/p>\n\t\t\t\t\t<\/div>\n\t\t\t\t\t\t<\/div>\n\t\t\t\t<\/div>\n\t\t\t\t<div class=\"elementor-element elementor-element-2eb6d10e elementor-widget elementor-widget-wd_image_or_svg\" data-id=\"2eb6d10e\" data-element_type=\"widget\" data-widget_type=\"wd_image_or_svg.default\">\n\t\t\t\t<div class=\"elementor-widget-container\">\n\t\t\t\t\t\n\t\t<div class=\"wd-image text-center\">\n\t\t\t\t\t\t\t\t<img decoding=\"async\" width=\"780\" height=\"420\" src=\"https:\/\/alroaiya-td.com\/wp-content\/uploads\/2022\/12\/logitech-g735-2.jpg\" class=\"attachment-full size-full\" alt=\"\" \/>\t\t\t\t\t<\/div>\n\n\t\t\t\t\t\t<\/div>\n\t\t\t\t<\/div>\n\t\t\t\t\t<\/div>\n\t\t\t\t<\/div>\n\t\t<div class=\"wd-negative-gap elementor-element elementor-element-161cff7d e-flex e-con-boxed e-con e-parent\" data-id=\"161cff7d\" data-element_type=\"container\">\n\t\t\t\t\t<div class=\"e-con-inner\">\n\t\t\t\t<div class=\"elementor-element elementor-element-598d0bd0 wd-width-100 elementor-widget elementor-widget-wd_title\" data-id=\"598d0bd0\" data-element_type=\"widget\" data-widget_type=\"wd_title.default\">\n\t\t\t\t<div class=\"elementor-widget-container\">\n\t\t\t\t\t\t\t<div class=\"title-wrapper wd-set-mb reset-last-child wd-title-color-default wd-title-style-default wd-title-size-small text-left\">\n\n\t\t\t\n\t\t\t<div class=\"liner-continer\">\n\t\t\t\t<h4 class=\"woodmart-title-container title wd-fontsize-m\">Hesp\u00ea xwe kostume bikin<\/h4> \n\t\t\t\t\t\t\t<\/div>\n\n\t\t\t\t\t<\/div>\n\t\t\t\t\t\t<\/div>\n\t\t\t\t<\/div>\n\t\t\t\t<div class=\"elementor-element elementor-element-2ccb85e4 elementor-widget elementor-widget-wd_text_block\" data-id=\"2ccb85e4\" data-element_type=\"widget\" data-widget_type=\"wd_text_block.default\">\n\t\t\t\t<div class=\"elementor-widget-container\">\n\t\t\t\t\t\t\t<div class=\"wd-text-block reset-last-child text-left\">\n\t\t\t\n\t\t\t<p>Dem ji bo pisporan bi q\u00eemet e. Ji ber v\u00ea yek\u00ea, MacBook Pro M1 Pro z\u00eadeb\u00fbnek xweser\u00ee \u00fb pi\u015ftgir\u00ee ji bo barkirina bilez wergirt da ku \u00e7avkaniya her\u00ee h\u00eaja winda neke. H\u00fbn dikarin di Xcode-\u00ea de \u00e7ar qat z\u00eadetir kod\u00ea berhev bikin \u00fb ber\u00ee ku bater\u00ee bimire heya du caran li Lightroom Classic20-\u00ea w\u00eaneyan dir\u00eajtir hil\u00eenin.  <\/p>\n\t\t\t\t\t<\/div>\n\t\t\t\t\t\t<\/div>\n\t\t\t\t<\/div>\n\t\t\t\t<div class=\"elementor-element elementor-element-3690b835 wd-width-100 elementor-widget elementor-widget-wd_images_gallery\" data-id=\"3690b835\" data-element_type=\"widget\" data-widget_type=\"wd_images_gallery.default\">\n\t\t\t\t<div class=\"elementor-widget-container\">\n\t\t\t\t\t\t\t<div class=\"wd-images-gallery photoswipe-images\" style=\"--wd-align-items:center; --wd-justify-content:center;\">\n\t\t\t\t\t\t<div class=\"wd-grid-g\" style=\"--wd-col-lg:3;--wd-col-md:2;--wd-col-sm:1;--wd-gap-lg:0px;\" >\n\t\t\t\t\t\t\t\t\t\t\t\t\t\t\t\t\t\t<div class=\"wd-gallery-item wd-col\">\n\t\t\t\t\t\t\t\t\t\t\t\t\t<a  href=\"https:\/\/alroaiya-td.com\/wp-content\/uploads\/2022\/12\/logitech-g735-ear-mic-gallery-1-pink.jpg\" data-width=\"248\" data-height=\"160\" data-index=\"1\" data-elementor-open-lightbox=\"no\">\n\t\t\t\t\t\t\n\t\t\t\t\t\t<img decoding=\"async\" width=\"248\" height=\"160\" src=\"https:\/\/alroaiya-td.com\/wp-content\/uploads\/2022\/12\/logitech-g735-ear-mic-gallery-1-pink.jpg\" class=\"attachment-full size-full\" alt=\"logitech-g735-ear-mic-gallery-1-pink\" \/>\n\t\t\t\t\t\t\t\t\t\t\t\t\t<\/a>\n\t\t\t\t\t\t\t\t\t\t\t<\/div>\n\t\t\t\t\t\t\t\t\t\t\t\t\t\t\t<div class=\"wd-gallery-item wd-col\">\n\t\t\t\t\t\t\t\t\t\t\t\t\t<a  href=\"https:\/\/alroaiya-td.com\/wp-content\/uploads\/2022\/12\/logitech-g735-ear-mic-gallery-1-green.jpg\" data-width=\"247\" data-height=\"160\" data-index=\"2\" data-elementor-open-lightbox=\"no\">\n\t\t\t\t\t\t\n\t\t\t\t\t\t<img loading=\"lazy\" decoding=\"async\" width=\"247\" height=\"160\" src=\"https:\/\/alroaiya-td.com\/wp-content\/uploads\/2022\/12\/logitech-g735-ear-mic-gallery-1-green.jpg\" class=\"attachment-full size-full\" alt=\"logitech-g735-ear-mic-gallery-1-green\" \/>\n\t\t\t\t\t\t\t\t\t\t\t\t\t<\/a>\n\t\t\t\t\t\t\t\t\t\t\t<\/div>\n\t\t\t\t\t\t\t\t\t\t\t\t\t\t\t<div class=\"wd-gallery-item wd-col\">\n\t\t\t\t\t\t\t\t\t\t\t\t\t<a  href=\"https:\/\/alroaiya-td.com\/wp-content\/uploads\/2022\/12\/logitech-g735-ear-mic-gallery-1-pink.jpg\" data-width=\"248\" data-height=\"160\" data-index=\"3\" data-elementor-open-lightbox=\"no\">\n\t\t\t\t\t\t\n\t\t\t\t\t\t<img decoding=\"async\" width=\"248\" height=\"160\" src=\"https:\/\/alroaiya-td.com\/wp-content\/uploads\/2022\/12\/logitech-g735-ear-mic-gallery-1-pink.jpg\" class=\"attachment-full size-full\" alt=\"logitech-g735-ear-mic-gallery-1-pink\" \/>\n\t\t\t\t\t\t\t\t\t\t\t\t\t<\/a>\n\t\t\t\t\t\t\t\t\t\t\t<\/div>\n\t\t\t\t\t\t\t\t\t\t\t\t\t<\/div>\n\t\t\t\t\t<\/div>\n\t\t\t\t\t\t<\/div>\n\t\t\t\t<\/div>\n\t\t\t\t\t<\/div>\n\t\t\t\t<\/div>\n\t\t\t\t<\/div>\n\t\t","protected":false},"excerpt":{"rendered":"<p>Logitech G735 Performansa fenomenal ji bo pisporan \u00c7emek pi\u00e7\u00fbk bi nav\u00ea Duden li ber cih\u00ea wan diherike \u00fb regelialiaya p\u00eaw\u00eest<\/p>\n","protected":false},"featured_media":10887,"comment_status":"open","ping_status":"closed","template":"","meta":[],"product_brand":[109],"product_cat":[164],"product_tag":[],"class_list":{"0":"post-11223","1":"product","2":"type-product","3":"status-publish","4":"has-post-thumbnail","6":"product_brand-logitech","7":"product_cat-cavderen-4k","9":"first","10":"instock","11":"shipping-taxable","12":"purchasable","13":"product-type-simple"},"_links":{"self":[{"href":"https:\/\/alroaiya-td.com\/ku\/index.php\/wp-json\/wp\/v2\/product\/11223","targetHints":{"allow":["GET"]}}],"collection":[{"href":"https:\/\/alroaiya-td.com\/ku\/index.php\/wp-json\/wp\/v2\/product"}],"about":[{"href":"https:\/\/alroaiya-td.com\/ku\/index.php\/wp-json\/wp\/v2\/types\/product"}],"replies":[{"embeddable":true,"href":"https:\/\/alroaiya-td.com\/ku\/index.php\/wp-json\/wp\/v2\/comments?post=11223"}],"version-history":[{"count":1,"href":"https:\/\/alroaiya-td.com\/ku\/index.php\/wp-json\/wp\/v2\/product\/11223\/revisions"}],"predecessor-version":[{"id":11224,"href":"https:\/\/alroaiya-td.com\/ku\/index.php\/wp-json\/wp\/v2\/product\/11223\/revisions\/11224"}],"wp:featuredmedia":[{"embeddable":true,"href":"https:\/\/alroaiya-td.com\/ku\/index.php\/wp-json\/wp\/v2\/media\/10887"}],"wp:attachment":[{"href":"https:\/\/alroaiya-td.com\/ku\/index.php\/wp-json\/wp\/v2\/media?parent=11223"}],"wp:term":[{"taxonomy":"product_brand","embeddable":true,"href":"https:\/\/alroaiya-td.com\/ku\/index.php\/wp-json\/wp\/v2\/product_brand?post=11223"},{"taxonomy":"product_cat","embeddable":true,"href":"https:\/\/alroaiya-td.com\/ku\/index.php\/wp-json\/wp\/v2\/product_cat?post=11223"},{"taxonomy":"product_tag","embeddable":true,"href":"https:\/\/alroaiya-td.com\/ku\/index.php\/wp-json\/wp\/v2\/product_tag?post=11223"}],"curies":[{"name":"wp","href":"https:\/\/api.w.org\/{rel}","templated":true}]}}